{"id":12768,"date":"2020-06-10T18:03:45","date_gmt":"2020-06-10T16:03:45","guid":{"rendered":"https:\/\/buenamente.es\/psicoleg-en-linia-lleida\/"},"modified":"2026-03-26T13:24:25","modified_gmt":"2026-03-26T12:24:25","slug":"psicoleg-en-linia-lleida","status":"publish","type":"page","link":"https:\/\/buenamente.es\/ca\/psicoleg-en-linia-lleida\/","title":{"rendered":"Psic\u00f2leg en l\u00ednia Lleida"},"content":{"rendered":"\t\t<div data-elementor-type=\"wp-page\" data-elementor-id=\"12768\" class=\"elementor elementor-12768 elementor-415\">\n\t\t\t\t\t\t<section class=\"elementor-section elementor-top-section elementor-element elementor-element-4085437 elementor-section-boxed elementor-section-height-default elementor-section-height-default\" data-id=\"4085437\" data-element_type=\"section\">\n\t\t\t\t\t\t<div class=\"elementor-container elementor-column-gap-default\">\n\t\t\t\t\t<div class=\"elementor-column elementor-col-100 elementor-top-column elementor-element elementor-element-e07dd0e\" data-id=\"e07dd0e\" data-element_type=\"column\">\n\t\t\t<div class=\"elementor-widget-wrap elementor-element-populated\">\n\t\t\t\t\t\t<div class=\"elementor-element elementor-element-b2a5499 elementor-widget elementor-widget-heading\" data-id=\"b2a5499\" data-element_type=\"widget\" data-widget_type=\"heading.default\">\n\t\t\t\t<div class=\"elementor-widget-container\">\n\t\t\t\t\t<h2 class=\"elementor-heading-title elementor-size-default\">Reserva la teva cita en Buenamente \u2013 \nPsic\u00f2leg a Lleida i online<\/h2>\t\t\t\t<\/div>\n\t\t\t\t<\/div>\n\t\t\t\t\t<\/div>\n\t\t<\/div>\n\t\t\t\t\t<\/div>\n\t\t<\/section>\n\t\t\t\t<section class=\"elementor-section elementor-top-section elementor-element elementor-element-2ab3f89 elementor-section-boxed elementor-section-height-default elementor-section-height-default\" data-id=\"2ab3f89\" data-element_type=\"section\">\n\t\t\t\t\t\t<div class=\"elementor-container elementor-column-gap-default\">\n\t\t\t\t\t<div class=\"elementor-column elementor-col-50 elementor-top-column elementor-element elementor-element-d258487\" data-id=\"d258487\" data-element_type=\"column\">\n\t\t\t<div class=\"elementor-widget-wrap elementor-element-populated\">\n\t\t\t\t\t\t<div class=\"elementor-element elementor-element-7085b5f elementor-widget elementor-widget-witr_section_service\" data-id=\"7085b5f\" data-element_type=\"widget\" data-widget_type=\"witr_section_service.default\">\n\t\t\t\t<div class=\"elementor-widget-container\">\n\t\t\t\t\t\t\t\n\t\t\t<div class=\"service-item all_color_service  text-center  \">\n\t\t\t\t<div class=\"service_top_image\">\n\t\t\t\t\t<!-- image -->\n\t\t\t\t\t\t\t\t\n\t\t\t\t<\/div>\n\t\t\t\t<div class=\"text_box all_icon_color\">\n\t\t\t\t\t<!-- icon -->\n\t\t\t\t\t\t\t\t\t\t\t<i class=\"flaticon flaticon-call\"><\/i>\n\t\t\t\t\t\t\t\t\t\t<!-- custom icon -->\n\t\t\t\t\t\t\t\t\t\n\t\t\t\t\t<!-- image -->\n\t\t\t\t\t\t\n\t\t\t\t\t<!-- title -->\n\t\t\t\t\t\t\t\t\t\t\t\t\t\t\t<h3>Tel\u00e8fon\n <\/h3>\n\t\t\t\t\t\t\t\t\t\t\t\t\t\t\t<!-- content -->\n\t\t\t\t\t\t\t\t\t\t\t<p>+ 34 663 27 11 17\n <\/p>\t\t\n\t\t\t\t\t\t\t\t\t\t<!-- button -->\n\t\t\t\t\t\t\t\t\t\n\t\t\t\t<\/div> <!-- text_box -->\t\t\t\t\t\t\t\n\t\t\t<\/div> <!-- service item -->\t\t\t\t\t\t\t\n \t\t\t\t\t\t<\/div>\n\t\t\t\t<\/div>\n\t\t\t\t<div class=\"elementor-element elementor-element-59ae378 elementor-widget elementor-widget-witr_section_service\" data-id=\"59ae378\" data-element_type=\"widget\" data-widget_type=\"witr_section_service.default\">\n\t\t\t\t<div class=\"elementor-widget-container\">\n\t\t\t\t\t\t\t\n\t\t\t<div class=\"service-item all_color_service  text-center  \">\n\t\t\t\t<div class=\"service_top_image\">\n\t\t\t\t\t<!-- image -->\n\t\t\t\t\t\t\t\t\n\t\t\t\t<\/div>\n\t\t\t\t<div class=\"text_box all_icon_color\">\n\t\t\t\t\t<!-- icon -->\n\t\t\t\t\t\t\t\t\t\t\t<i class=\"flaticon flaticon-map\"><\/i>\n\t\t\t\t\t\t\t\t\t\t<!-- custom icon -->\n\t\t\t\t\t\t\t\t\t\n\t\t\t\t\t<!-- image -->\n\t\t\t\t\t\t\n\t\t\t\t\t<!-- title -->\n\t\t\t\t\t\t\t\t\t\t\t\t\t\t\t<h3>On estem?\n <\/h3>\n\t\t\t\t\t\t\t\t\t\t\t\t\t\t\t<!-- content -->\n\t\t\t\t\t\t\t\t\t\t\t<p>c\/ Doctor Combelles 15 Lleida <\/p>\t\t\n\t\t\t\t\t\t\t\t\t\t<!-- button -->\n\t\t\t\t\t\t\t\t\t\n\t\t\t\t<\/div> <!-- text_box -->\t\t\t\t\t\t\t\n\t\t\t<\/div> <!-- service item -->\t\t\t\t\t\t\t\n \t\t\t\t\t\t<\/div>\n\t\t\t\t<\/div>\n\t\t\t\t<div class=\"elementor-element elementor-element-9b47572 elementor-widget elementor-widget-witr_section_service\" data-id=\"9b47572\" data-element_type=\"widget\" data-widget_type=\"witr_section_service.default\">\n\t\t\t\t<div class=\"elementor-widget-container\">\n\t\t\t\t\t\t\t\n\t\t\t<div class=\"service-item all_color_service  text-center  \">\n\t\t\t\t<div class=\"service_top_image\">\n\t\t\t\t\t<!-- image -->\n\t\t\t\t\t\t\t\t\n\t\t\t\t<\/div>\n\t\t\t\t<div class=\"text_box all_icon_color\">\n\t\t\t\t\t<!-- icon -->\n\t\t\t\t\t\t\t\t\t\t\t<i class=\"flaticon flaticon-mail\"><\/i>\n\t\t\t\t\t\t\t\t\t\t<!-- custom icon -->\n\t\t\t\t\t\t\t\t\t\n\t\t\t\t\t<!-- image -->\n\t\t\t\t\t\t\n\t\t\t\t\t<!-- title -->\n\t\t\t\t\t\t\t\t\t\t\t\t\t\t\t<h3>Adre\u00e7a electr\u00f2nica\n <\/h3>\n\t\t\t\t\t\t\t\t\t\t\t\t\t\t\t<!-- content -->\n\t\t\t\t\t\t\t\t\t\t\t<p>info@buenamente.com <\/p>\t\t\n\t\t\t\t\t\t\t\t\t\t<!-- button -->\n\t\t\t\t\t\t\t\t\t\n\t\t\t\t<\/div> <!-- text_box -->\t\t\t\t\t\t\t\n\t\t\t<\/div> <!-- service item -->\t\t\t\t\t\t\t\n \t\t\t\t\t\t<\/div>\n\t\t\t\t<\/div>\n\t\t\t\t\t<\/div>\n\t\t<\/div>\n\t\t\t\t<div class=\"elementor-column elementor-col-50 elementor-top-column elementor-element elementor-element-b1af21f\" data-id=\"b1af21f\" data-element_type=\"column\" id=\"reservar-cita\">\n\t\t\t<div class=\"elementor-widget-wrap elementor-element-populated\">\n\t\t\t\t\t\t<div class=\"elementor-element elementor-element-d0c66bb elementor-widget elementor-widget-html\" data-id=\"d0c66bb\" data-element_type=\"widget\" data-widget_type=\"html.default\">\n\t\t\t\t<div class=\"elementor-widget-container\">\n\t\t\t\t\t<a id=\"zl-url\" class=\"zl-url\" href=\"https:\/\/www.doctoralia.es\/robert-cotonat-gracia\/psicologo\/lleida\" rel=\"nofollow\" data-zlw-doctor=\"robert-cotonat-gracia\" data-zlw-type=\"big_with_calendar\" data-zlw-opinion=\"false\" data-zlw-hide-branding=\"true\" data-zlw-saas-only=\"true\">Robert Cotonat Gracia - Doctoralia.es<\/a><script>!function($_x,_s,id){var js,fjs=$_x.getElementsByTagName(_s)[0];if(!$_x.getElementById(id)){js = $_x.createElement(_s);js.id = id;js.src = \"\/\/platform.docplanner.com\/js\/widget.js\";fjs.parentNode.insertBefore(js,fjs);}}(document,\"script\",\"zl-widget-s\");<\/script>\t\t\t\t<\/div>\n\t\t\t\t<\/div>\n\t\t\t\t\t<\/div>\n\t\t<\/div>\n\t\t\t\t\t<\/div>\n\t\t<\/section>\n\t\t\t\t<section class=\"elementor-section elementor-top-section elementor-element elementor-element-b934bd1 elementor-section-boxed elementor-section-height-default elementor-section-height-default\" data-id=\"b934bd1\" data-element_type=\"section\" data-settings=\"{&quot;background_background&quot;:&quot;classic&quot;}\">\n\t\t\t\t\t\t\t<div class=\"elementor-background-overlay\"><\/div>\n\t\t\t\t\t\t\t<div class=\"elementor-container elementor-column-gap-default\">\n\t\t\t\t\t<div class=\"elementor-column elementor-col-50 elementor-top-column elementor-element elementor-element-ee3b31f\" data-id=\"ee3b31f\" data-element_type=\"column\">\n\t\t\t<div class=\"elementor-widget-wrap elementor-element-populated\">\n\t\t\t\t\t\t<div class=\"elementor-element elementor-element-23b924e poket-star-rating--align-center elementor-widget elementor-widget-witr_section_apartment\" data-id=\"23b924e\" data-element_type=\"widget\" data-widget_type=\"witr_section_apartment.default\">\n\t\t\t\t<div class=\"elementor-widget-container\">\n\t\t\t\t\t\n\t\t\t\t\t<div class=\"apartment_area\">\t\t\t\t\n\t\t\t\t\t\t<div class=\"apartment_text\">\t\t\n\t\t\t\t\t\t\t<!-- title -->\n\t\t\t\t\t\t\t\t\t\n\t\t\t\t\t\t\t<!-- content -->\n\t\t\t\t\t\t\t\t\t\t\t\t\t\t\t<h2>Contacta amb mi <\/h2>\t\t\n\t\t\t\t\t\t\t\t\t\t\t\t\t\t\n\t\t\t\t\t\t<\/div>\t\t\n\t\t\t\t\t\t<div class=\"witr_apartment_form\">\t\t\t\t\t\n\t\t\t\t\t\t\n<div class=\"wpcf7 no-js\" id=\"wpcf7-f12852-o1\" lang=\"en-US\" dir=\"ltr\" data-wpcf7-id=\"12852\">\n<div class=\"screen-reader-response\"><p role=\"status\" aria-live=\"polite\" aria-atomic=\"true\"><\/p> <ul><\/ul><\/div>\n<form action=\"\/ca\/wp-json\/wp\/v2\/pages\/12768#wpcf7-f12852-o1\" method=\"post\" class=\"wpcf7-form init\" aria-label=\"Contact form\" novalidate=\"novalidate\" data-status=\"init\">\n<fieldset class=\"hidden-fields-container\"><input type=\"hidden\" name=\"_wpcf7\" value=\"12852\" \/><input type=\"hidden\" name=\"_wpcf7_version\" value=\"6.1.1\" \/><input type=\"hidden\" name=\"_wpcf7_locale\" value=\"en_US\" \/><input type=\"hidden\" name=\"_wpcf7_unit_tag\" value=\"wpcf7-f12852-o1\" \/><input type=\"hidden\" name=\"_wpcf7_container_post\" value=\"0\" \/><input type=\"hidden\" name=\"_wpcf7_posted_data_hash\" value=\"\" \/>\n<\/fieldset>\n<div class=\"row\">\n\t<div class=\"col-lg-6 col-md-6\">\n\t\t<div class=\"twr_form_box\">\n\t\t\t<p><span class=\"wpcf7-form-control-wrap\" data-name=\"text-30\"><input size=\"40\" maxlength=\"400\" class=\"wpcf7-form-control wpcf7-text wpcf7-validates-as-required form-control\" aria-required=\"true\" aria-invalid=\"false\" placeholder=\"Nom*\" value=\"\" type=\"text\" name=\"text-30\" \/><\/span>\n\t\t\t<\/p>\n\t\t<\/div>\n\t<\/div>\n\t<div class=\"col-lg-6 col-md-6\">\n\t\t<div class=\"twr_form_box\">\n\t\t\t<p><span class=\"wpcf7-form-control-wrap\" data-name=\"number-19\"><input class=\"wpcf7-form-control wpcf7-number wpcf7-validates-as-required wpcf7-validates-as-number form-control\" aria-required=\"true\" aria-invalid=\"false\" placeholder=\"Tel\u00e8fon*\" value=\"\" type=\"number\" name=\"number-19\" \/><\/span>\n\t\t\t<\/p>\n\t\t<\/div>\n\t<\/div>\n\t<div class=\"col-lg-6 col-md-6\">\n\t\t<div class=\"twr_form_box\">\n\t\t\t<p><span class=\"wpcf7-form-control-wrap\" data-name=\"email-380\"><input size=\"40\" maxlength=\"400\" class=\"wpcf7-form-control wpcf7-email wpcf7-validates-as-required wpcf7-text wpcf7-validates-as-email form-control\" aria-required=\"true\" aria-invalid=\"false\" placeholder=\"Adre\u00e7a electr\u00f2nica*\" value=\"\" type=\"email\" name=\"email-380\" \/><\/span>\n\t\t\t<\/p>\n\t\t<\/div>\n\t<\/div>\n\t<div class=\"col-lg-12 col-md-12\">\n\t\t<div class=\"twr_form_box \">\n\t\t\t<p><span class=\"wpcf7-form-control-wrap\" data-name=\"textarea\"><textarea cols=\"40\" rows=\"6\" maxlength=\"2000\" class=\"wpcf7-form-control wpcf7-textarea wpcf7-validates-as-required form-control\" aria-required=\"true\" aria-invalid=\"false\" placeholder=\"Missatge*\" name=\"textarea\"><\/textarea><\/span>\n\t\t\t<\/p>\n\t\t<\/div>\n\t\t<p><button type=\"submit\" class=\"btn btn-primary\">Enviar<\/button>\n\t\t<\/p>\n\t<\/div>\n<\/div><div class=\"wpcf7-response-output\" aria-hidden=\"true\"><\/div>\n<\/form>\n<\/div>\n\t\t\t\t\t\t\t\t\n\t\t\t\t\t\t<\/div>\n\t\t\t\t\t<\/div>\t\t\t\t\t\n\t\t\n\t\t\t\t\t\t<\/div>\n\t\t\t\t<\/div>\n\t\t\t\t\t<\/div>\n\t\t<\/div>\n\t\t\t\t<div class=\"elementor-column elementor-col-50 elementor-top-column elementor-element elementor-element-0300759\" data-id=\"0300759\" data-element_type=\"column\">\n\t\t\t<div class=\"elementor-widget-wrap elementor-element-populated\">\n\t\t\t\t\t\t<div class=\"elementor-element elementor-element-a710840 elementor-widget elementor-widget-witr_section_service\" data-id=\"a710840\" data-element_type=\"widget\" data-widget_type=\"witr_section_service.default\">\n\t\t\t\t<div class=\"elementor-widget-container\">\n\t\t\t\t\t\t\t\n\t\t\t<div class=\"service-item all_color_service  text-center  \">\n\t\t\t\t<div class=\"service_top_image\">\n\t\t\t\t\t<!-- image -->\n\t\t\t\t\t\t\t\t\n\t\t\t\t<\/div>\n\t\t\t\t<div class=\"text_box all_icon_color\">\n\t\t\t\t\t<!-- icon -->\n\t\t\t\t\t\t\t\t\t\t\t<i class=\"flaticon flaticon-map\"><\/i>\n\t\t\t\t\t\t\t\t\t\t<!-- custom icon -->\n\t\t\t\t\t\t\t\t\t\n\t\t\t\t\t<!-- image -->\n\t\t\t\t\t\t\n\t\t\t\t\t<!-- title -->\n\t\t\t\t\t\t\t\t\t\t\t\t\t\t\t<h3>\u00bfD\u00f3nde estamos?\n <\/h3>\n\t\t\t\t\t\t\t\t\t\t\t\t\t\t\t<!-- content -->\n\t\t\t\t\t\t\t\t\t\t\t<p>c\/ Doctor Combelles 15 Lleida <\/p>\t\t\n\t\t\t\t\t\t\t\t\t\t<!-- button -->\n\t\t\t\t\t\t\t\t\t\n\t\t\t\t<\/div> <!-- text_box -->\t\t\t\t\t\t\t\n\t\t\t<\/div> <!-- service item -->\t\t\t\t\t\t\t\n \t\t\t\t\t\t<\/div>\n\t\t\t\t<\/div>\n\t\t\t\t\t<\/div>\n\t\t<\/div>\n\t\t\t\t\t<\/div>\n\t\t<\/section>\n\t\t\t\t<section class=\"elementor-section elementor-top-section elementor-element elementor-element-4c1f1bd elementor-section-full_width elementor-section-height-default elementor-section-height-default\" data-id=\"4c1f1bd\" data-element_type=\"section\">\n\t\t\t\t\t\t<div class=\"elementor-container elementor-column-gap-no\">\n\t\t\t\t\t<div class=\"elementor-column elementor-col-100 elementor-top-column elementor-element elementor-element-5e4bf83\" data-id=\"5e4bf83\" data-element_type=\"column\">\n\t\t\t<div class=\"elementor-widget-wrap elementor-element-populated\">\n\t\t\t\t\t\t<div class=\"elementor-element elementor-element-c9bb51b elementor-widget elementor-widget-google_maps\" data-id=\"c9bb51b\" data-element_type=\"widget\" data-widget_type=\"google_maps.default\">\n\t\t\t\t<div class=\"elementor-widget-container\">\n\t\t\t\t\t\t\t<div class=\"elementor-custom-embed\">\n\t\t\t<iframe loading=\"lazy\"\n\t\t\t\t\tsrc=\"https:\/\/maps.google.com\/maps?q=c%2F%20Doctor%20Combelles%2015%20Lleida&#038;t=m&#038;z=15&#038;output=embed&#038;iwloc=near\"\n\t\t\t\t\ttitle=\"c\/ Doctor Combelles 15 Lleida\"\n\t\t\t\t\taria-label=\"c\/ Doctor Combelles 15 Lleida\"\n\t\t\t><\/iframe>\n\t\t<\/div>\n\t\t\t\t\t\t<\/div>\n\t\t\t\t<\/div>\n\t\t\t\t\t<\/div>\n\t\t<\/div>\n\t\t\t\t\t<\/div>\n\t\t<\/section>\n\t\t\t\t<\/div>\n\t\t","protected":false},"excerpt":{"rendered":"<p>Reserva la teva cita en Buenamente \u2013 Psic\u00f2leg a Lleida i online Tel\u00e8fon + 34 663 27 11 17 On estem? c\/ Doctor Combelles 15 Lleida Adre\u00e7a electr\u00f2nica info@buenamente.com Robert Cotonat Gracia &#8211; Doctoralia.es Contacta amb mi Enviar \u00bfD\u00f3nde estamos? c\/ Doctor Combelles 15 Lleida<\/p>\n","protected":false},"author":1,"featured_media":0,"parent":0,"menu_order":0,"comment_status":"closed","ping_status":"closed","template":"template-home.php","meta":{"footnotes":""},"class_list":["post-12768","page","type-page","status-publish","hentry"],"yoast_head":"<!-- This site is optimized with the Yoast SEO plugin v26.0 - https:\/\/yoast.com\/wordpress\/plugins\/seo\/ -->\n<title>Psic\u00f2leg en l\u00ednia Lleida<\/title>\n<meta name=\"description\" content=\"Reserva la teva cita amb Robert Cotonat. Psic\u00f2leg a Lleida i en l\u00ednia per a ter\u00e0pia individual, de parella i sexual. Com et puc ajudar?\" \/>\n<meta name=\"robots\" content=\"index, follow, max-snippet:-1, max-image-preview:large, max-video-preview:-1\" \/>\n<link rel=\"canonical\" href=\"https:\/\/buenamente.es\/contactar\/\" \/>\n<meta property=\"og:locale\" content=\"ca_ES\" \/>\n<meta property=\"og:type\" content=\"article\" \/>\n<meta property=\"og:title\" content=\"Psic\u00f2leg en l\u00ednia Lleida\" \/>\n<meta property=\"og:description\" content=\"Reserva la teva cita amb Robert Cotonat. Psic\u00f2leg a Lleida i en l\u00ednia per a ter\u00e0pia individual, de parella i sexual. Com et puc ajudar?\" \/>\n<meta property=\"og:url\" content=\"https:\/\/buenamente.es\/contactar\/\" \/>\n<meta property=\"og:site_name\" content=\"Buenamente\" \/>\n<meta property=\"article:modified_time\" content=\"2026-03-26T12:24:25+00:00\" \/>\n<meta name=\"twitter:card\" content=\"summary_large_image\" \/>\n<meta name=\"twitter:label1\" content=\"Temps estimat de lectura\" \/>\n\t<meta name=\"twitter:data1\" content=\"1 minut\" \/>\n<script type=\"application\/ld+json\" class=\"yoast-schema-graph\">{\"@context\":\"https:\/\/schema.org\",\"@graph\":[{\"@type\":\"WebPage\",\"@id\":\"https:\/\/buenamente.es\/contactar\/\",\"url\":\"https:\/\/buenamente.es\/contactar\/\",\"name\":\"Psic\u00f2leg en l\u00ednia Lleida\",\"isPartOf\":{\"@id\":\"https:\/\/buenamente.es\/#website\"},\"datePublished\":\"2020-06-10T16:03:45+00:00\",\"dateModified\":\"2026-03-26T12:24:25+00:00\",\"description\":\"Reserva la teva cita amb Robert Cotonat. Psic\u00f2leg a Lleida i en l\u00ednia per a ter\u00e0pia individual, de parella i sexual. Com et puc ajudar?\",\"breadcrumb\":{\"@id\":\"https:\/\/buenamente.es\/contactar\/#breadcrumb\"},\"inLanguage\":\"ca\",\"potentialAction\":[{\"@type\":\"ReadAction\",\"target\":[\"https:\/\/buenamente.es\/contactar\/\"]}]},{\"@type\":\"BreadcrumbList\",\"@id\":\"https:\/\/buenamente.es\/contactar\/#breadcrumb\",\"itemListElement\":[{\"@type\":\"ListItem\",\"position\":1,\"name\":\"Portada\",\"item\":\"https:\/\/buenamente.es\/\"},{\"@type\":\"ListItem\",\"position\":2,\"name\":\"Psic\u00f2leg en l\u00ednia Lleida\"}]},{\"@type\":\"WebSite\",\"@id\":\"https:\/\/buenamente.es\/#website\",\"url\":\"https:\/\/buenamente.es\/\",\"name\":\"Buenamente\",\"description\":\"\",\"potentialAction\":[{\"@type\":\"SearchAction\",\"target\":{\"@type\":\"EntryPoint\",\"urlTemplate\":\"https:\/\/buenamente.es\/?s={search_term_string}\"},\"query-input\":{\"@type\":\"PropertyValueSpecification\",\"valueRequired\":true,\"valueName\":\"search_term_string\"}}],\"inLanguage\":\"ca\"}]}<\/script>\n<!-- \/ Yoast SEO plugin. -->","yoast_head_json":{"title":"Psic\u00f2leg en l\u00ednia Lleida","description":"Reserva la teva cita amb Robert Cotonat. Psic\u00f2leg a Lleida i en l\u00ednia per a ter\u00e0pia individual, de parella i sexual. Com et puc ajudar?","robots":{"index":"index","follow":"follow","max-snippet":"max-snippet:-1","max-image-preview":"max-image-preview:large","max-video-preview":"max-video-preview:-1"},"canonical":"https:\/\/buenamente.es\/contactar\/","og_locale":"ca_ES","og_type":"article","og_title":"Psic\u00f2leg en l\u00ednia Lleida","og_description":"Reserva la teva cita amb Robert Cotonat. Psic\u00f2leg a Lleida i en l\u00ednia per a ter\u00e0pia individual, de parella i sexual. Com et puc ajudar?","og_url":"https:\/\/buenamente.es\/contactar\/","og_site_name":"Buenamente","article_modified_time":"2026-03-26T12:24:25+00:00","twitter_card":"summary_large_image","twitter_misc":{"Temps estimat de lectura":"1 minut"},"schema":{"@context":"https:\/\/schema.org","@graph":[{"@type":"WebPage","@id":"https:\/\/buenamente.es\/contactar\/","url":"https:\/\/buenamente.es\/contactar\/","name":"Psic\u00f2leg en l\u00ednia Lleida","isPartOf":{"@id":"https:\/\/buenamente.es\/#website"},"datePublished":"2020-06-10T16:03:45+00:00","dateModified":"2026-03-26T12:24:25+00:00","description":"Reserva la teva cita amb Robert Cotonat. Psic\u00f2leg a Lleida i en l\u00ednia per a ter\u00e0pia individual, de parella i sexual. Com et puc ajudar?","breadcrumb":{"@id":"https:\/\/buenamente.es\/contactar\/#breadcrumb"},"inLanguage":"ca","potentialAction":[{"@type":"ReadAction","target":["https:\/\/buenamente.es\/contactar\/"]}]},{"@type":"BreadcrumbList","@id":"https:\/\/buenamente.es\/contactar\/#breadcrumb","itemListElement":[{"@type":"ListItem","position":1,"name":"Portada","item":"https:\/\/buenamente.es\/"},{"@type":"ListItem","position":2,"name":"Psic\u00f2leg en l\u00ednia Lleida"}]},{"@type":"WebSite","@id":"https:\/\/buenamente.es\/#website","url":"https:\/\/buenamente.es\/","name":"Buenamente","description":"","potentialAction":[{"@type":"SearchAction","target":{"@type":"EntryPoint","urlTemplate":"https:\/\/buenamente.es\/?s={search_term_string}"},"query-input":{"@type":"PropertyValueSpecification","valueRequired":true,"valueName":"search_term_string"}}],"inLanguage":"ca"}]}},"_links":{"self":[{"href":"https:\/\/buenamente.es\/ca\/wp-json\/wp\/v2\/pages\/12768","targetHints":{"allow":["GET"]}}],"collection":[{"href":"https:\/\/buenamente.es\/ca\/wp-json\/wp\/v2\/pages"}],"about":[{"href":"https:\/\/buenamente.es\/ca\/wp-json\/wp\/v2\/types\/page"}],"author":[{"embeddable":true,"href":"https:\/\/buenamente.es\/ca\/wp-json\/wp\/v2\/users\/1"}],"replies":[{"embeddable":true,"href":"https:\/\/buenamente.es\/ca\/wp-json\/wp\/v2\/comments?post=12768"}],"version-history":[{"count":17,"href":"https:\/\/buenamente.es\/ca\/wp-json\/wp\/v2\/pages\/12768\/revisions"}],"predecessor-version":[{"id":13078,"href":"https:\/\/buenamente.es\/ca\/wp-json\/wp\/v2\/pages\/12768\/revisions\/13078"}],"wp:attachment":[{"href":"https:\/\/buenamente.es\/ca\/wp-json\/wp\/v2\/media?parent=12768"}],"curies":[{"name":"wp","href":"https:\/\/api.w.org\/{rel}","templated":true}]}}