{"id":12793,"date":"2021-11-08T04:55:17","date_gmt":"2021-11-08T03:55:17","guid":{"rendered":"https:\/\/buenamente.es\/robert-cotonat-psicoleg-a-lleida-especialitzat-en-el-teu-benestar\/"},"modified":"2026-03-26T12:46:02","modified_gmt":"2026-03-26T11:46:02","slug":"robert-cotonat-psicoleg-a-lleida-especialitzat-en-el-teu-benestar","status":"publish","type":"page","link":"https:\/\/buenamente.es\/ca\/robert-cotonat-psicoleg-a-lleida-especialitzat-en-el-teu-benestar\/","title":{"rendered":"Robert Cotonat \u2013 Psic\u00f2leg a Lleida especialitzat en el teu benestar"},"content":{"rendered":"\t\t<div data-elementor-type=\"wp-page\" data-elementor-id=\"12793\" class=\"elementor elementor-12793 elementor-7046\">\n\t\t\t\t\t\t<section class=\"elementor-section elementor-top-section elementor-element elementor-element-7dd13ee elementor-section-boxed elementor-section-height-default elementor-section-height-default\" data-id=\"7dd13ee\" data-element_type=\"section\">\n\t\t\t\t\t\t<div class=\"elementor-container elementor-column-gap-default\">\n\t\t\t\t\t<div class=\"elementor-column elementor-col-33 elementor-top-column elementor-element elementor-element-0367eb3\" data-id=\"0367eb3\" data-element_type=\"column\">\n\t\t\t<div class=\"elementor-widget-wrap elementor-element-populated\">\n\t\t\t\t\t\t<div class=\"elementor-element elementor-element-f5cbb0d poket-star-rating-mobile--align-center elementor-widget elementor-widget-witr_section_s_image\" data-id=\"f5cbb0d\" data-element_type=\"widget\" data-widget_type=\"witr_section_s_image.default\">\n\t\t\t\t<div class=\"elementor-widget-container\">\n\t\t\t\t\t\t\n\t\t<div class=\"single_image_area\">\n\t\t\t<div class=\"single_image single_line_option  \">\n\t\t\t\t<!-- image -->\n\t\t\t\t\t\t\t\t\t<img decoding=\"async\" src=\"https:\/\/buenamente.es\/wp-content\/uploads\/2025\/02\/20250224_151707-scaled.jpg\" alt=\"\" \/>\n\t\t\t\t\t\t\n\t\t\t\t\t\t\t\t\t\t\t<\/div>\n\t\t<\/div>\n\t\t\t\n\t\t\t\n\t\t\n\t\t\t\n\t\t\t\t\t\t<\/div>\n\t\t\t\t<\/div>\n\t\t\t\t\t<\/div>\n\t\t<\/div>\n\t\t\t\t<div class=\"elementor-column elementor-col-66 elementor-top-column elementor-element elementor-element-98efabc\" data-id=\"98efabc\" data-element_type=\"column\">\n\t\t\t<div class=\"elementor-widget-wrap elementor-element-populated\">\n\t\t\t\t\t\t<div class=\"elementor-element elementor-element-25f82d5 elementor-widget elementor-widget-heading\" data-id=\"25f82d5\" data-element_type=\"widget\" data-widget_type=\"heading.default\">\n\t\t\t\t<div class=\"elementor-widget-container\">\n\t\t\t\t\t<h1 class=\"elementor-heading-title elementor-size-default\">Robert Cotonat \u2013 Psic\u00f2leg a Lleida especialitzat en el teu benestar<\/h1>\t\t\t\t<\/div>\n\t\t\t\t<\/div>\n\t\t\t\t<div class=\"elementor-element elementor-element-d5b2f90 poket-star-rating--align-center elementor-widget elementor-widget-witr_section_title\" data-id=\"d5b2f90\" data-element_type=\"widget\" data-widget_type=\"witr_section_title.default\">\n\t\t\t\t<div class=\"elementor-widget-container\">\n\t\t\t\t\t\t\t\t\t\t<!-- title left -->\n\t\t\t\t\t<div class=\"witr_section_title\">\n\t\t\t\t\t\t<div class=\"witr_section_title_inner text-left\">\n\t\t\t\t\t\t\n\t\t\t\t\t\t\t<!-- icon position -->\n\t\t\t\t\t\t\t\t\n\t\t\t\t\t\t\t<!-- end icon position -->\n\t\t\t\t\t\t\n\t\t\t\t\t\t\n\t\t\t\t\t\t\t<!-- title top -->\n\t\t\t\t\t\t\t\n\t\t\t\t\t\t\t<!-- icon position -->\n\t\t\t\t\t\t\t\t\n\t\t\t\t\t\t\t<!-- end icon position -->\n\n\t\t\t\t\t\t\t\n\t\t\t\t\t\t\t<!-- title middle -->\n\t\t\t\t\t\t\t\t\t\t\t\t\t\t<!-- title bottom -->\n\t\t\t\t\t\t\t\t\t\t\t\t\t\t\n\t\t\t\t\t\t\t<!-- icon position -->\n\t\t\t\t\t\t\t\t\t\t\t\t\t\t\n\t\t\t\t\t\t\t<!-- image -->\n\t\t\t\t\t\t\t\t\t\t\t\t\t\t<!-- icon -->\n\t\t\t\t\t\t\t\t\t\t\t\t\t\t\n\t\t\t\t\t\t\t<!-- bar -->\n\t\t\t\t\t\t\t\t\t\t\t\t\t\t<!-- circle bar -->\n\t\t\t\t\t\t\t\t\t\t\t\t\t\t\n\t\t\t\t\t\t\t\t\n\t\t\t\t\t\t\t<!-- end icon position -->\n\n\t\t\t\t\t\t\t<!-- content -->\n\t\t\t\t\t\t\t\t\t\t\t\t\t\t\t<p>S\u00f3c psic\u00f2leg general sanitari amb una s\u00f2lida formaci\u00f3 a la <strong>orientaci\u00f3 cognitivoconductual<\/strong>, una de les ter\u00e0pies m\u00e9s efectives i cient\u00edficament recolzades per tractar una \u00e0mplia varietat de trastorns emocionals i psicol\u00f2gics. El meu enfocament es complementa amb les ter\u00e0pies de tercera generaci\u00f3, com ara la Ter\u00e0pia d'Acceptaci\u00f3 i Comprom\u00eds (ACT) i la Ter\u00e0pia Dial\u00e8ctico-Conductual (TDC), que busquen promoure el benestar emocional, la resili\u00e8ncia i l'equilibri mental a llarg termini.\n<br\/><br\/>\nAmb anys d'experi\u00e8ncia en el camp de la psicologia, m'he especialitzat a <strong>ajudar les persones a superar dificultats emocionals<\/strong> com l'ansietat, la depressi\u00f3, l'estr\u00e8s i els problemes d'autoestima. La meva missi\u00f3 \u00e9s oferir un espai segur i acollidor on els pacients puguin trobar solucions efectives i eines pr\u00e0ctiques per millorar-ne la qualitat de vida.\n<br\/><br\/>\nCom a creador de Psicologia Bonament, he desenvolupat una plataforma enfocada al benestar integral, brindant atenci\u00f3 terap\u00e8utica de qualitat i recursos \u00fatils per a aquells que busquen canviar la seva perspectiva emocional i viure de manera m\u00e9s plena. <strong>El meu comprom\u00eds \u00e9s treballar de forma propera, emp\u00e0tica i professional<\/strong> per ajudar-te a trobar l'equilibri que necessites a la teva vida.<br\/><br\/><br\/><strong>N\u00fam. col\u00b7legiat: 27663<\/strong> <\/p>\t\t\n\t\t\t\t\t\t\t\t\t\t\t\t\t<\/div>\n\t\t\t\t\t\t\t<!-- inner title -->\n\t\t\t\t\t\t\t\t\t\t\t\t\t\n\t\t\t\t\t<\/div>\t\t\t\t\n\t\t\t\t\t\t\t\t<\/div>\n\t\t\t\t<\/div>\n\t\t\t\t\t<\/div>\n\t\t<\/div>\n\t\t\t\t\t<\/div>\n\t\t<\/section>\n\t\t\t\t<section class=\"elementor-section elementor-top-section elementor-element elementor-element-d3995ac elementor-section-boxed elementor-section-height-default elementor-section-height-default\" data-id=\"d3995ac\" data-element_type=\"section\">\n\t\t\t\t\t\t\t<div class=\"elementor-background-overlay\"><\/div>\n\t\t\t\t\t\t\t<div class=\"elementor-container elementor-column-gap-default\">\n\t\t\t\t\t<div class=\"elementor-column elementor-col-100 elementor-top-column elementor-element elementor-element-d624d09\" data-id=\"d624d09\" data-element_type=\"column\">\n\t\t\t<div class=\"elementor-widget-wrap elementor-element-populated\">\n\t\t\t\t\t\t<section class=\"elementor-section elementor-inner-section elementor-element elementor-element-6536f68 elementor-section-boxed elementor-section-height-default elementor-section-height-default\" data-id=\"6536f68\" data-element_type=\"section\" data-settings=\"{&quot;background_background&quot;:&quot;video&quot;}\">\n\t\t\t\t\t\t<div class=\"elementor-container elementor-column-gap-default\">\n\t\t\t\t\t<div class=\"elementor-column elementor-col-100 elementor-inner-column elementor-element elementor-element-c5b6404\" data-id=\"c5b6404\" data-element_type=\"column\">\n\t\t\t<div class=\"elementor-widget-wrap elementor-element-populated\">\n\t\t\t\t\t\t<div class=\"elementor-element elementor-element-5758aa0 elementor-widget elementor-widget-accordion\" data-id=\"5758aa0\" data-element_type=\"widget\" data-widget_type=\"accordion.default\">\n\t\t\t\t<div class=\"elementor-widget-container\">\n\t\t\t\t\t\t\t<div class=\"elementor-accordion\">\n\t\t\t\t\t\t\t<div class=\"elementor-accordion-item\">\n\t\t\t\t\t<div id=\"elementor-tab-title-9151\" class=\"elementor-tab-title\" data-tab=\"1\" role=\"button\" aria-controls=\"elementor-tab-content-9151\" aria-expanded=\"false\">\n\t\t\t\t\t\t\t\t\t\t\t\t\t<span class=\"elementor-accordion-icon elementor-accordion-icon-left\" aria-hidden=\"true\">\n\t\t\t\t\t\t\t\t\t\t\t\t\t\t\t<span class=\"elementor-accordion-icon-closed\"><i class=\"fas fa-plus\"><\/i><\/span>\n\t\t\t\t\t\t\t\t<span class=\"elementor-accordion-icon-opened\"><i class=\"fas fa-minus\"><\/i><\/span>\n\t\t\t\t\t\t\t\t\t\t\t\t\t\t<\/span>\n\t\t\t\t\t\t\t\t\t\t\t\t<a class=\"elementor-accordion-title\" tabindex=\"0\">Com puc concertar una cita?<\/a>\n\t\t\t\t\t<\/div>\n\t\t\t\t\t<div id=\"elementor-tab-content-9151\" class=\"elementor-tab-content elementor-clearfix\" data-tab=\"1\" role=\"region\" aria-labelledby=\"elementor-tab-title-9151\">Pots reservar la teva cita fent clic a la icona superior de la dreta \u201cReservar cita\u201d, contactar a trav\u00e9s del formulari de la web, enviar un correu electr\u00f2nic o trucar directament al n\u00famero que trobar\u00e0s a la p\u00e0gina de contacte.<\/div>\n\t\t\t\t<\/div>\n\t\t\t\t\t\t\t<div class=\"elementor-accordion-item\">\n\t\t\t\t\t<div id=\"elementor-tab-title-9152\" class=\"elementor-tab-title\" data-tab=\"2\" role=\"button\" aria-controls=\"elementor-tab-content-9152\" aria-expanded=\"false\">\n\t\t\t\t\t\t\t\t\t\t\t\t\t<span class=\"elementor-accordion-icon elementor-accordion-icon-left\" aria-hidden=\"true\">\n\t\t\t\t\t\t\t\t\t\t\t\t\t\t\t<span class=\"elementor-accordion-icon-closed\"><i class=\"fas fa-plus\"><\/i><\/span>\n\t\t\t\t\t\t\t\t<span class=\"elementor-accordion-icon-opened\"><i class=\"fas fa-minus\"><\/i><\/span>\n\t\t\t\t\t\t\t\t\t\t\t\t\t\t<\/span>\n\t\t\t\t\t\t\t\t\t\t\t\t<a class=\"elementor-accordion-title\" tabindex=\"0\">Quin tipus de problemes es poden tractar a la teva consulta?<\/a>\n\t\t\t\t\t<\/div>\n\t\t\t\t\t<div id=\"elementor-tab-content-9152\" class=\"elementor-tab-content elementor-clearfix\" data-tab=\"2\" role=\"region\" aria-labelledby=\"elementor-tab-title-9152\">\nTreballo amb una \u00e0mplia varietat de dificultats emocionals i mentals, com ansietat, depressi\u00f3, estr\u00e8s, autoestima, conflictes de parella o trauma. Pots posar-te en contacte directament amb mi per comentar quins s\u00f3n els teus motius per acudir a ter\u00e0pia i, si no s\u00f3c el professional indicat per a tu, et podr\u00e9 recomanar a altres professionals.<\/div>\n\t\t\t\t<\/div>\n\t\t\t\t\t\t\t<div class=\"elementor-accordion-item\">\n\t\t\t\t\t<div id=\"elementor-tab-title-9153\" class=\"elementor-tab-title\" data-tab=\"3\" role=\"button\" aria-controls=\"elementor-tab-content-9153\" aria-expanded=\"false\">\n\t\t\t\t\t\t\t\t\t\t\t\t\t<span class=\"elementor-accordion-icon elementor-accordion-icon-left\" aria-hidden=\"true\">\n\t\t\t\t\t\t\t\t\t\t\t\t\t\t\t<span class=\"elementor-accordion-icon-closed\"><i class=\"fas fa-plus\"><\/i><\/span>\n\t\t\t\t\t\t\t\t<span class=\"elementor-accordion-icon-opened\"><i class=\"fas fa-minus\"><\/i><\/span>\n\t\t\t\t\t\t\t\t\t\t\t\t\t\t<\/span>\n\t\t\t\t\t\t\t\t\t\t\t\t<a class=\"elementor-accordion-title\" tabindex=\"0\"> Les sessions s\u00f3n confidencials?<\/a>\n\t\t\t\t\t<\/div>\n\t\t\t\t\t<div id=\"elementor-tab-content-9153\" class=\"elementor-tab-content elementor-clearfix\" data-tab=\"3\" role=\"region\" aria-labelledby=\"elementor-tab-title-9153\">S\u00ed, absolutament. La teva privadesa \u00e9s priorit\u00e0ria, i totes les sessions es desenvolupen en un entorn 100% confidencial, complint amb la normativa legal per garantir la m\u00e0xima protecci\u00f3 de les teves dades.<\/div>\n\t\t\t\t<\/div>\n\t\t\t\t\t\t\t<div class=\"elementor-accordion-item\">\n\t\t\t\t\t<div id=\"elementor-tab-title-9154\" class=\"elementor-tab-title\" data-tab=\"4\" role=\"button\" aria-controls=\"elementor-tab-content-9154\" aria-expanded=\"false\">\n\t\t\t\t\t\t\t\t\t\t\t\t\t<span class=\"elementor-accordion-icon elementor-accordion-icon-left\" aria-hidden=\"true\">\n\t\t\t\t\t\t\t\t\t\t\t\t\t\t\t<span class=\"elementor-accordion-icon-closed\"><i class=\"fas fa-plus\"><\/i><\/span>\n\t\t\t\t\t\t\t\t<span class=\"elementor-accordion-icon-opened\"><i class=\"fas fa-minus\"><\/i><\/span>\n\t\t\t\t\t\t\t\t\t\t\t\t\t\t<\/span>\n\t\t\t\t\t\t\t\t\t\t\t\t<a class=\"elementor-accordion-title\" tabindex=\"0\">Quins beneficis puc esperar despr\u00e9s d'anar a ter\u00e0pia?<\/a>\n\t\t\t\t\t<\/div>\n\t\t\t\t\t<div id=\"elementor-tab-content-9154\" class=\"elementor-tab-content elementor-clearfix\" data-tab=\"4\" role=\"region\" aria-labelledby=\"elementor-tab-title-9154\">La ter\u00e0pia t&#8217;ajudar\u00e0 a comprendre millor les teves emocions, desenvolupar eines per fer front als desafiaments de la vida i millorar el teu benestar general. Sentir\u00e0s un canvi positiu en la teva manera de pensar, actuar i relacionar-te amb tu mateix i amb els altres.<\/div>\n\t\t\t\t<\/div>\n\t\t\t\t\t\t\t\t<\/div>\n\t\t\t\t\t\t<\/div>\n\t\t\t\t<\/div>\n\t\t\t\t<div class=\"elementor-element elementor-element-fd8046a elementor-widget elementor-widget-witr_section_t_widget\" data-id=\"fd8046a\" data-element_type=\"widget\" data-widget_type=\"witr_section_t_widget.default\">\n\t\t\t\t<div class=\"elementor-widget-container\">\n\t\t\t\t\t\t\t\t\t\t<!-- text widget center -->\n\t\t\t\t\t<div class=\"witr_text_widget\">\n\t\t\t\t\t\t<div class=\"witr_text_widget_inner\">\n\t\t\t\t\t\t\t<!-- text widget top -->\n\t\t\t\t\t\t\t\t\t\t\t\t\t\n\t\t\t\t\t\t\t<!-- text widget middle -->\n\t\t\t\t\t\t\t\t\t\t\t\t\t\t\t<h2>Per qu\u00e8 Buenamente?<\/h2>\t\t\n\t\t\t\t\t\t\t\t\t\t\t\t\t\t<!-- text widget bottom -->\n\t\t\t\t\t\t\t\t\t\t\t\t\t\n\t\t\t\t\t\t\t<!-- content -->\n\t\t\t\t\t\t\t\t\t\t\t\t\t\t\t<p><p>A la consulta de Lleida trobar\u00e0s un enfocament personalitzat per ajudar-te a superar les teves dificultats emocionals i mentals. Cada persona \u00e9s \u00fanica, per aix\u00f2 adapto la ter\u00e0pia a les teves necessitats espec\u00edfiques. Aqu\u00ed no es tracta nom\u00e9s d'abordar els teus problemes, tamb\u00e9 d'acompanyar-te en un proc\u00e9s d'autodescobriment i creixement personal que marqui la difer\u00e8ncia a la teva vida.<\/p><p>Aquest \u00e9s un espai on et pots <strong>expressar sense por<\/strong> ni prejudicis. La confian\u00e7a i l'empatia s\u00f3n els pilars de la meva feina, perqu\u00e8 entenc com pot ser de dif\u00edcil fer el pas de buscar ajuda. Aqu\u00ed trobar\u00e0s un lloc de comprensi\u00f3 i suport sense importar quina sigui la teva situaci\u00f3.<\/p><p>Al teu dia a dia tindr\u00e0s <strong>acc\u00e9s a eines pr\u00e0ctiques<\/strong> i eficaces perqu\u00e8 puguis aplicar el treballat en ter\u00e0pia. L'objectiu no \u00e9s nom\u00e9s alleujar els s\u00edmptomes, sin\u00f3 donar-te els recursos necessaris per construir una vida m\u00e9s equilibrada, plena i satisfact\u00f2ria. La ter\u00e0pia no \u00e9s nom\u00e9s un tractament, \u00e9s una inversi\u00f3 en tu mateix\/a i en el teu <strong>benestar a llarg termini<\/strong>.<\/p><\/p>\t\t\n\t\t\t\t\t\t\t\t\t\t\t\t\t\t\n\t\t\t\t\t\t\t<!--- List content --->\n\t\t\t\t\t\t\t<div class=\"witr_widget_list\">\n\t\t\t\t\t\t\t\t<ul>\t\t\t\t\t\t\t\n\t\t\t\t\t\t\t\t\t\t\t\t\t\t\t\t\t<\/ul>\n\t\t\t\t\t\t\t\t\t\n\t\t\t\t\t\t\t<\/div>\t\t\t\t\t\t\t\n\t\t\t\t\t\t<\/div>\n\t\t\t\t\t<\/div>\n\n\t\t\t\t\t\t\t\t<\/div>\n\t\t\t\t<\/div>\n\t\t\t\t<div class=\"elementor-element elementor-element-e32944b elementor-widget elementor-widget-image\" data-id=\"e32944b\" data-element_type=\"widget\" data-widget_type=\"image.default\">\n\t\t\t\t<div class=\"elementor-widget-container\">\n\t\t\t\t\t\t\t\t\t\t\t\t\t\t\t<img fetchpriority=\"high\" decoding=\"async\" width=\"1024\" height=\"478\" src=\"https:\/\/buenamente.es\/wp-content\/uploads\/2025\/02\/20250225_132125-1024x478.jpg\" class=\"attachment-large size-large wp-image-12585\" alt=\"\" srcset=\"https:\/\/buenamente.es\/wp-content\/uploads\/2025\/02\/20250225_132125-1024x478.jpg 1024w, https:\/\/buenamente.es\/wp-content\/uploads\/2025\/02\/20250225_132125-300x140.jpg 300w, https:\/\/buenamente.es\/wp-content\/uploads\/2025\/02\/20250225_132125-768x359.jpg 768w, https:\/\/buenamente.es\/wp-content\/uploads\/2025\/02\/20250225_132125-1536x717.jpg 1536w, https:\/\/buenamente.es\/wp-content\/uploads\/2025\/02\/20250225_132125-2048x956.jpg 2048w\" sizes=\"(max-width: 1024px) 100vw, 1024px\" \/>\t\t\t\t\t\t\t\t\t\t\t\t\t\t\t<\/div>\n\t\t\t\t<\/div>\n\t\t\t\t\t<\/div>\n\t\t<\/div>\n\t\t\t\t\t<\/div>\n\t\t<\/section>\n\t\t\t\t\t<\/div>\n\t\t<\/div>\n\t\t\t\t\t<\/div>\n\t\t<\/section>\n\t\t\t\t<\/div>\n\t\t","protected":false},"excerpt":{"rendered":"<p>Robert Cotonat \u2013 Psic\u00f2leg a Lleida especialitzat en el teu benestar S\u00f3c psic\u00f2leg general sanitari amb una s\u00f2lida formaci\u00f3 a la orientaci\u00f3 cognitivoconductual, una de les ter\u00e0pies m\u00e9s efectives i cient\u00edficament recolzades per tractar una \u00e0mplia varietat de trastorns emocionals i psicol\u00f2gics. El meu enfocament es complementa amb les ter\u00e0pies de tercera generaci\u00f3, com ara [&hellip;]<\/p>\n","protected":false},"author":1,"featured_media":0,"parent":0,"menu_order":0,"comment_status":"closed","ping_status":"closed","template":"template-home.php","meta":{"footnotes":""},"class_list":["post-12793","page","type-page","status-publish","hentry"],"yoast_head":"<!-- This site is optimized with the Yoast SEO plugin v26.0 - https:\/\/yoast.com\/wordpress\/plugins\/seo\/ -->\n<title>Robert Cotonat - Psic\u00f2leg<\/title>\n<meta name=\"description\" content=\"Robert Cotonat, psic\u00f2leg a Lleida especialitzat en ter\u00e0pia individual, de parella i sexual. Com et puc ajudar a millorar el teu benestar?\" \/>\n<meta name=\"robots\" content=\"index, follow, max-snippet:-1, max-image-preview:large, max-video-preview:-1\" \/>\n<link rel=\"canonical\" href=\"https:\/\/buenamente.es\/sobre-mi\/\" \/>\n<meta property=\"og:locale\" content=\"ca_ES\" \/>\n<meta property=\"og:type\" content=\"article\" \/>\n<meta property=\"og:title\" content=\"Robert Cotonat - Psic\u00f2leg\" \/>\n<meta property=\"og:description\" content=\"Robert Cotonat, psic\u00f2leg a Lleida especialitzat en ter\u00e0pia individual, de parella i sexual. Com et puc ajudar a millorar el teu benestar?\" \/>\n<meta property=\"og:url\" content=\"https:\/\/buenamente.es\/sobre-mi\/\" \/>\n<meta property=\"og:site_name\" content=\"Buenamente\" \/>\n<meta property=\"article:modified_time\" content=\"2026-03-26T11:46:02+00:00\" \/>\n<meta property=\"og:image\" content=\"https:\/\/buenamente.es\/wp-content\/uploads\/2025\/02\/20250224_151707-scaled.jpg\" \/>\n<meta name=\"twitter:card\" content=\"summary_large_image\" \/>\n<meta name=\"twitter:label1\" content=\"Temps estimat de lectura\" \/>\n\t<meta name=\"twitter:data1\" content=\"4 minuts\" \/>\n<script type=\"application\/ld+json\" class=\"yoast-schema-graph\">{\"@context\":\"https:\/\/schema.org\",\"@graph\":[{\"@type\":\"WebPage\",\"@id\":\"https:\/\/buenamente.es\/sobre-mi\/\",\"url\":\"https:\/\/buenamente.es\/sobre-mi\/\",\"name\":\"Robert Cotonat - Psic\u00f2leg\",\"isPartOf\":{\"@id\":\"https:\/\/buenamente.es\/#website\"},\"primaryImageOfPage\":{\"@id\":\"https:\/\/buenamente.es\/sobre-mi\/#primaryimage\"},\"image\":{\"@id\":\"https:\/\/buenamente.es\/sobre-mi\/#primaryimage\"},\"thumbnailUrl\":\"https:\/\/buenamente.es\/wp-content\/uploads\/2025\/02\/20250224_151707-scaled.jpg\",\"datePublished\":\"2021-11-08T03:55:17+00:00\",\"dateModified\":\"2026-03-26T11:46:02+00:00\",\"description\":\"Robert Cotonat, psic\u00f2leg a Lleida especialitzat en ter\u00e0pia individual, de parella i sexual. Com et puc ajudar a millorar el teu benestar?\",\"breadcrumb\":{\"@id\":\"https:\/\/buenamente.es\/sobre-mi\/#breadcrumb\"},\"inLanguage\":\"ca\",\"potentialAction\":[{\"@type\":\"ReadAction\",\"target\":[\"https:\/\/buenamente.es\/sobre-mi\/\"]}]},{\"@type\":\"ImageObject\",\"inLanguage\":\"ca\",\"@id\":\"https:\/\/buenamente.es\/sobre-mi\/#primaryimage\",\"url\":\"https:\/\/buenamente.es\/wp-content\/uploads\/2025\/02\/20250224_151707-scaled.jpg\",\"contentUrl\":\"https:\/\/buenamente.es\/wp-content\/uploads\/2025\/02\/20250224_151707-scaled.jpg\"},{\"@type\":\"BreadcrumbList\",\"@id\":\"https:\/\/buenamente.es\/sobre-mi\/#breadcrumb\",\"itemListElement\":[{\"@type\":\"ListItem\",\"position\":1,\"name\":\"Portada\",\"item\":\"https:\/\/buenamente.es\/\"},{\"@type\":\"ListItem\",\"position\":2,\"name\":\"Robert Cotonat \u2013 Psic\u00f2leg a Lleida especialitzat en el teu benestar\"}]},{\"@type\":\"WebSite\",\"@id\":\"https:\/\/buenamente.es\/#website\",\"url\":\"https:\/\/buenamente.es\/\",\"name\":\"Buenamente\",\"description\":\"\",\"potentialAction\":[{\"@type\":\"SearchAction\",\"target\":{\"@type\":\"EntryPoint\",\"urlTemplate\":\"https:\/\/buenamente.es\/?s={search_term_string}\"},\"query-input\":{\"@type\":\"PropertyValueSpecification\",\"valueRequired\":true,\"valueName\":\"search_term_string\"}}],\"inLanguage\":\"ca\"}]}<\/script>\n<!-- \/ Yoast SEO plugin. -->","yoast_head_json":{"title":"Robert Cotonat - Psic\u00f2leg","description":"Robert Cotonat, psic\u00f2leg a Lleida especialitzat en ter\u00e0pia individual, de parella i sexual. Com et puc ajudar a millorar el teu benestar?","robots":{"index":"index","follow":"follow","max-snippet":"max-snippet:-1","max-image-preview":"max-image-preview:large","max-video-preview":"max-video-preview:-1"},"canonical":"https:\/\/buenamente.es\/sobre-mi\/","og_locale":"ca_ES","og_type":"article","og_title":"Robert Cotonat - Psic\u00f2leg","og_description":"Robert Cotonat, psic\u00f2leg a Lleida especialitzat en ter\u00e0pia individual, de parella i sexual. Com et puc ajudar a millorar el teu benestar?","og_url":"https:\/\/buenamente.es\/sobre-mi\/","og_site_name":"Buenamente","article_modified_time":"2026-03-26T11:46:02+00:00","og_image":[{"url":"https:\/\/buenamente.es\/wp-content\/uploads\/2025\/02\/20250224_151707-scaled.jpg","type":"","width":"","height":""}],"twitter_card":"summary_large_image","twitter_misc":{"Temps estimat de lectura":"4 minuts"},"schema":{"@context":"https:\/\/schema.org","@graph":[{"@type":"WebPage","@id":"https:\/\/buenamente.es\/sobre-mi\/","url":"https:\/\/buenamente.es\/sobre-mi\/","name":"Robert Cotonat - Psic\u00f2leg","isPartOf":{"@id":"https:\/\/buenamente.es\/#website"},"primaryImageOfPage":{"@id":"https:\/\/buenamente.es\/sobre-mi\/#primaryimage"},"image":{"@id":"https:\/\/buenamente.es\/sobre-mi\/#primaryimage"},"thumbnailUrl":"https:\/\/buenamente.es\/wp-content\/uploads\/2025\/02\/20250224_151707-scaled.jpg","datePublished":"2021-11-08T03:55:17+00:00","dateModified":"2026-03-26T11:46:02+00:00","description":"Robert Cotonat, psic\u00f2leg a Lleida especialitzat en ter\u00e0pia individual, de parella i sexual. Com et puc ajudar a millorar el teu benestar?","breadcrumb":{"@id":"https:\/\/buenamente.es\/sobre-mi\/#breadcrumb"},"inLanguage":"ca","potentialAction":[{"@type":"ReadAction","target":["https:\/\/buenamente.es\/sobre-mi\/"]}]},{"@type":"ImageObject","inLanguage":"ca","@id":"https:\/\/buenamente.es\/sobre-mi\/#primaryimage","url":"https:\/\/buenamente.es\/wp-content\/uploads\/2025\/02\/20250224_151707-scaled.jpg","contentUrl":"https:\/\/buenamente.es\/wp-content\/uploads\/2025\/02\/20250224_151707-scaled.jpg"},{"@type":"BreadcrumbList","@id":"https:\/\/buenamente.es\/sobre-mi\/#breadcrumb","itemListElement":[{"@type":"ListItem","position":1,"name":"Portada","item":"https:\/\/buenamente.es\/"},{"@type":"ListItem","position":2,"name":"Robert Cotonat \u2013 Psic\u00f2leg a Lleida especialitzat en el teu benestar"}]},{"@type":"WebSite","@id":"https:\/\/buenamente.es\/#website","url":"https:\/\/buenamente.es\/","name":"Buenamente","description":"","potentialAction":[{"@type":"SearchAction","target":{"@type":"EntryPoint","urlTemplate":"https:\/\/buenamente.es\/?s={search_term_string}"},"query-input":{"@type":"PropertyValueSpecification","valueRequired":true,"valueName":"search_term_string"}}],"inLanguage":"ca"}]}},"_links":{"self":[{"href":"https:\/\/buenamente.es\/ca\/wp-json\/wp\/v2\/pages\/12793","targetHints":{"allow":["GET"]}}],"collection":[{"href":"https:\/\/buenamente.es\/ca\/wp-json\/wp\/v2\/pages"}],"about":[{"href":"https:\/\/buenamente.es\/ca\/wp-json\/wp\/v2\/types\/page"}],"author":[{"embeddable":true,"href":"https:\/\/buenamente.es\/ca\/wp-json\/wp\/v2\/users\/1"}],"replies":[{"embeddable":true,"href":"https:\/\/buenamente.es\/ca\/wp-json\/wp\/v2\/comments?post=12793"}],"version-history":[{"count":7,"href":"https:\/\/buenamente.es\/ca\/wp-json\/wp\/v2\/pages\/12793\/revisions"}],"predecessor-version":[{"id":13043,"href":"https:\/\/buenamente.es\/ca\/wp-json\/wp\/v2\/pages\/12793\/revisions\/13043"}],"wp:attachment":[{"href":"https:\/\/buenamente.es\/ca\/wp-json\/wp\/v2\/media?parent=12793"}],"curies":[{"name":"wp","href":"https:\/\/api.w.org\/{rel}","templated":true}]}}