{"id":12798,"date":"2020-06-10T18:18:57","date_gmt":"2020-06-10T16:18:57","guid":{"rendered":"https:\/\/buenamente.es\/recursos-psicologia\/"},"modified":"2026-03-26T12:57:04","modified_gmt":"2026-03-26T11:57:04","slug":"recursos-psicologia","status":"publish","type":"page","link":"https:\/\/buenamente.es\/ca\/recursos-psicologia\/","title":{"rendered":"Recursos psicologia"},"content":{"rendered":"\t\t<div data-elementor-type=\"wp-page\" data-elementor-id=\"12798\" class=\"elementor elementor-12798 elementor-431\">\n\t\t\t\t\t\t<section class=\"elementor-section elementor-top-section elementor-element elementor-element-8754076 elementor-section-boxed elementor-section-height-default elementor-section-height-default\" data-id=\"8754076\" data-element_type=\"section\">\n\t\t\t\t\t\t<div class=\"elementor-container elementor-column-gap-default\">\n\t\t\t\t\t<div class=\"elementor-column elementor-col-100 elementor-top-column elementor-element elementor-element-1f53dc5\" data-id=\"1f53dc5\" data-element_type=\"column\">\n\t\t\t<div class=\"elementor-widget-wrap elementor-element-populated\">\n\t\t\t\t\t\t<div class=\"elementor-element elementor-element-c00aacb poket-star-rating--align-center elementor-widget elementor-widget-witr_section_title\" data-id=\"c00aacb\" data-element_type=\"widget\" data-widget_type=\"witr_section_title.default\">\n\t\t\t\t<div class=\"elementor-widget-container\">\n\t\t\t\t\t\t\t\t\t\t<!-- title center -->\n\t\t\t\t\t<div class=\"witr_section_title\">\n\t\t\t\t\t\t<div class=\"witr_section_title_inner text-center\">\n\n\t\t\t\t\t\t\t<!-- icon position -->\n\t\t\t\t\t\t\t\t\n\t\t\t\t\t\t\t<!-- end icon position -->\n\t\t\t\t\t\t\t\n\t\t\t\t\t\t\n\t\t\t\t\t\t\t<!-- title top -->\n\t\t\t\t\t\t\t\t\t\t\t\t\t\t\t<h2>Recursos<\/h2>\t\t\n\t\t\t\t\t\t\t\n\n\t\t\t\t\t\t\t<!-- icon position -->\n\t\t\t\t\t\t\t\t\n\t\t\t\t\t\t\t<!-- end icon position -->\n\n\n\t\t\t\t\t\t\t\n\t\t\t\t\t\t\t<!-- title middle -->\n\t\t\t\t\t\t\t\t\t\t\t\t\t\t\t<h3>Recursos psicol\u00f2gics per a tu<\/h3>\t\t\n\t\t\t\t\t\t\t\t\t\t\t\t\t\t<!-- title bottom -->\n\t\t\t\t\t\t\t\n\t\t\t\t\t\t\t\n\t\t\t\t\t\t\t\n\t\t\t\t\t\t\t\t\t\t\t\t\t\t\n\t\t\t\t\t\t\t<!-- image -->\n\t\t\t\t\t\t\t\t\t\t\t\t\t\t<!-- icon -->\n\t\t\t\t\t\t\t\t\t\t\t\t\t\t\n\t\t\t\t\t\t\t<!-- bar -->\n\t\t\t\t\t\t\t\t\t\t\t\t\t\t<!-- circle bar -->\n\t\t\t\t\t\t\t\t\t\t\t\t\t\t\n\t\t\t\t\t\t\t\t\n\t\t\t\t\t\t\t\n\n\t\t\t\t\t\t\t\n\t\t\t\t\t\t\t<!-- content -->\n\t\t\t\t\t\t\t\t\t\t\t\t\t\t\t<p>Aqu\u00ed trobareu recursos psicol\u00f2gics oberts a totes les persones. L'acc\u00e9s a la ter\u00e0pia suposa de vegades una dif\u00edcil inversi\u00f3 econ\u00f2mica i la informaci\u00f3 que trobem en l\u00ednia juntament amb els mites que s'escampen en entorns digitals poden arribar a ser molt contraproduents per a les persones que busquen la millora emocional.\n<br\/><br\/>\nPer aix\u00f2, et presento un recull de tests, lectures, \u00e0udios i v\u00eddeos perqu\u00e8 puguis\ntrobar recursos \u00fatils. Tamb\u00e9 et pots adre\u00e7ar a la p\u00e0gina d'articles, on podr\u00e0s\nllegir en profunditat sobre els temes que m\u00e9s t'interessin.<br\/><br\/>\nPer aix\u00f2, et presento un recull de tests, lectures, \u00e0udios i v\u00eddeos perqu\u00e8 puguis\ntrobar recursos \u00fatils. Tamb\u00e9 et pots adre\u00e7ar a la p\u00e0gina d'articles, on podr\u00e0s\nllegir en profunditat sobre els temes que m\u00e9s t'interessin. <\/p>\t\t\n\t\t\t\t\t\t\t\t\t\t\t\t\t\t\n\t\t\t\t\t\t<\/div>\n\t\t\t\t\t\t\t<!-- inner title -->\n\t\t\t\t\t\t\t\t\t\t\t\t\t\n\t\t\t\t\t<\/div>\n\n\t\t\t\t\t\t\t\t<\/div>\n\t\t\t\t<\/div>\n\t\t\t\t<section class=\"elementor-section elementor-inner-section elementor-element elementor-element-ef7b6c6 elementor-section-boxed elementor-section-height-default elementor-section-height-default\" data-id=\"ef7b6c6\" data-element_type=\"section\">\n\t\t\t\t\t\t<div class=\"elementor-container elementor-column-gap-default\">\n\t\t\t\t\t<div class=\"elementor-column elementor-col-100 elementor-inner-column elementor-element elementor-element-6337669\" data-id=\"6337669\" data-element_type=\"column\">\n\t\t\t<div class=\"elementor-widget-wrap elementor-element-populated\">\n\t\t\t\t\t\t<div class=\"elementor-element elementor-element-2fab934 wittr_pfilter_menu--align-center elementor-widget elementor-widget-witr_portfolio_section\" data-id=\"2fab934\" data-element_type=\"widget\" data-widget_type=\"witr_portfolio_section.default\">\n\t\t\t\t<div class=\"elementor-widget-container\">\n\t\t\t\t\t\t\t\t<div class=\"pstyle_1 pstyle4\">\t\t\n\t\t\t\t<div class=\"row\" id=\"em_load\" >\t\t\t\t\t\n\t\t\t\t\t\t\t\t\t\t<!-- single portfolio -->\n\t\t\t\t\t<div class=\"col-lg-4  eportfolio_item col-md-6 col-xs-12 col-sm-12 gratuitos    witr_all_mb_30\" >\n\t\t\t\t\t\t<div class=\"single_protfolio\">\n\t\t\t\t\t\t\t<div class=\"prot_thumb\">\n\t\t\t\t\t\t\t\t<img fetchpriority=\"high\" decoding=\"async\" width=\"1024\" height=\"1024\" src=\"https:\/\/buenamente.es\/wp-content\/uploads\/2021\/09\/1669898175067.webp\" class=\"attachment-post-thumbnail size-post-thumbnail wp-post-image\" alt=\"\" srcset=\"https:\/\/buenamente.es\/wp-content\/uploads\/2021\/09\/1669898175067.webp 1024w, https:\/\/buenamente.es\/wp-content\/uploads\/2021\/09\/1669898175067-300x300.webp 300w, https:\/\/buenamente.es\/wp-content\/uploads\/2021\/09\/1669898175067-150x150.webp 150w, https:\/\/buenamente.es\/wp-content\/uploads\/2021\/09\/1669898175067-768x768.webp 768w, https:\/\/buenamente.es\/wp-content\/uploads\/2021\/09\/1669898175067-450x450.webp 450w, https:\/\/buenamente.es\/wp-content\/uploads\/2021\/09\/1669898175067-106x106.webp 106w, https:\/\/buenamente.es\/wp-content\/uploads\/2021\/09\/1669898175067-560x560.webp 560w, https:\/\/buenamente.es\/wp-content\/uploads\/2021\/09\/1669898175067-70x70.webp 70w\" sizes=\"(max-width: 1024px) 100vw, 1024px\" \/>\t\t\t\t\t\t\t\t<div class=\"prot_content\">\n\t\t\t\t\t\t\t\t\t<div class=\"prot_content_inner\">\t\t\t\t\t\t\t\t\t\n\t\t\t\t\t\t\t\t\t\t<div class=\"picon\">\n\t\t\t\t\t\t\t\t\t\t\t\t\t\t\t\t\t\t\t\t\t<\/div>\t\t\t\t\t\n\t\t\t\t\t\t\t\t\t<\/div>\n\t\t\t\t\t\t\t\t<\/div>\t\t\t\t\t\t\t\t\t\t\n\t\t\t\t\t\t\t<\/div>\t\n\t\t\t\t\t\t\t<div class=\"pprotfolio4\">\n\t\t\t\t\t\t\t\t<div class=\"porttitle_inner4\">\t\t\t\t\t\t\t\t\t\t\t\t\n\t\t\t\t\t\t\t\t\t<h3><a href=\"https:\/\/buenamente.es\/ca\/blog\/em_portfolios\/questionaris-gratuits\/\">Q\u00fcestionaris gratu\u00efts<\/a><\/h3>\n\t\t\t\t\t\t\t\t\t\t\t\t\t\t\t\t\t\t\t\t\t\t\t\t\t\t\t\t\t\t\t\n\t\t\t\t\t\t\t\t<\/div>\n\t\t\t\t\t\t\t<\/div>\t\t\t\t\t\t\t\t\n\t\t\t\t\t\t<\/div>\n\t\t\t\t\t<\/div>\n\t\t\t\t\t\t\t\t\t\t<!-- single portfolio -->\n\t\t\t\t\t<div class=\"col-lg-4  eportfolio_item col-md-6 col-xs-12 col-sm-12 gratuitos    witr_all_mb_30\" >\n\t\t\t\t\t\t<div class=\"single_protfolio\">\n\t\t\t\t\t\t\t<div class=\"prot_thumb\">\n\t\t\t\t\t\t\t\t<img decoding=\"async\" width=\"1024\" height=\"1024\" src=\"https:\/\/buenamente.es\/wp-content\/uploads\/2025\/03\/1669898175051.webp\" class=\"attachment-post-thumbnail size-post-thumbnail wp-post-image\" alt=\"\" srcset=\"https:\/\/buenamente.es\/wp-content\/uploads\/2025\/03\/1669898175051.webp 1024w, https:\/\/buenamente.es\/wp-content\/uploads\/2025\/03\/1669898175051-300x300.webp 300w, https:\/\/buenamente.es\/wp-content\/uploads\/2025\/03\/1669898175051-150x150.webp 150w, https:\/\/buenamente.es\/wp-content\/uploads\/2025\/03\/1669898175051-768x768.webp 768w, https:\/\/buenamente.es\/wp-content\/uploads\/2025\/03\/1669898175051-450x450.webp 450w, https:\/\/buenamente.es\/wp-content\/uploads\/2025\/03\/1669898175051-106x106.webp 106w, https:\/\/buenamente.es\/wp-content\/uploads\/2025\/03\/1669898175051-560x560.webp 560w, https:\/\/buenamente.es\/wp-content\/uploads\/2025\/03\/1669898175051-70x70.webp 70w\" sizes=\"(max-width: 1024px) 100vw, 1024px\" \/>\t\t\t\t\t\t\t\t<div class=\"prot_content\">\n\t\t\t\t\t\t\t\t\t<div class=\"prot_content_inner\">\t\t\t\t\t\t\t\t\t\n\t\t\t\t\t\t\t\t\t\t<div class=\"picon\">\n\t\t\t\t\t\t\t\t\t\t\t\t\t\t\t\t\t\t\t\t\t<\/div>\t\t\t\t\t\n\t\t\t\t\t\t\t\t\t<\/div>\n\t\t\t\t\t\t\t\t<\/div>\t\t\t\t\t\t\t\t\t\t\n\t\t\t\t\t\t\t<\/div>\t\n\t\t\t\t\t\t\t<div class=\"pprotfolio4\">\n\t\t\t\t\t\t\t\t<div class=\"porttitle_inner4\">\t\t\t\t\t\t\t\t\t\t\t\t\n\t\t\t\t\t\t\t\t\t<h3><a href=\"https:\/\/buenamente.es\/ca\/blog\/em_portfolios\/lectures\/\">Lectures<\/a><\/h3>\n\t\t\t\t\t\t\t\t\t\t\t\t\t\t\t\t\t\t\t\t\t\t\t\t\t\t\t\t\t\t\t\n\t\t\t\t\t\t\t\t<\/div>\n\t\t\t\t\t\t\t<\/div>\t\t\t\t\t\t\t\t\n\t\t\t\t\t\t<\/div>\n\t\t\t\t\t<\/div>\n\t\t\t\t\t\t\t\t\t\t<!-- single portfolio -->\n\t\t\t\t\t<div class=\"col-lg-4  eportfolio_item col-md-6 col-xs-12 col-sm-12 gratuitos    witr_all_mb_30\" >\n\t\t\t\t\t\t<div class=\"single_protfolio\">\n\t\t\t\t\t\t\t<div class=\"prot_thumb\">\n\t\t\t\t\t\t\t\t<img decoding=\"async\" width=\"1024\" height=\"1024\" src=\"https:\/\/buenamente.es\/wp-content\/uploads\/2021\/09\/1669898175038.webp\" class=\"attachment-post-thumbnail size-post-thumbnail wp-post-image\" alt=\"\" srcset=\"https:\/\/buenamente.es\/wp-content\/uploads\/2021\/09\/1669898175038.webp 1024w, https:\/\/buenamente.es\/wp-content\/uploads\/2021\/09\/1669898175038-300x300.webp 300w, https:\/\/buenamente.es\/wp-content\/uploads\/2021\/09\/1669898175038-150x150.webp 150w, https:\/\/buenamente.es\/wp-content\/uploads\/2021\/09\/1669898175038-768x768.webp 768w, https:\/\/buenamente.es\/wp-content\/uploads\/2021\/09\/1669898175038-450x450.webp 450w, https:\/\/buenamente.es\/wp-content\/uploads\/2021\/09\/1669898175038-106x106.webp 106w, https:\/\/buenamente.es\/wp-content\/uploads\/2021\/09\/1669898175038-560x560.webp 560w, https:\/\/buenamente.es\/wp-content\/uploads\/2021\/09\/1669898175038-70x70.webp 70w\" sizes=\"(max-width: 1024px) 100vw, 1024px\" \/>\t\t\t\t\t\t\t\t<div class=\"prot_content\">\n\t\t\t\t\t\t\t\t\t<div class=\"prot_content_inner\">\t\t\t\t\t\t\t\t\t\n\t\t\t\t\t\t\t\t\t\t<div class=\"picon\">\n\t\t\t\t\t\t\t\t\t\t\t\t\t\t\t\t\t\t\t\t\t<\/div>\t\t\t\t\t\n\t\t\t\t\t\t\t\t\t<\/div>\n\t\t\t\t\t\t\t\t<\/div>\t\t\t\t\t\t\t\t\t\t\n\t\t\t\t\t\t\t<\/div>\t\n\t\t\t\t\t\t\t<div class=\"pprotfolio4\">\n\t\t\t\t\t\t\t\t<div class=\"porttitle_inner4\">\t\t\t\t\t\t\t\t\t\t\t\t\n\t\t\t\t\t\t\t\t\t<h3><a href=\"https:\/\/buenamente.es\/ca\/blog\/em_portfolios\/audios-i-videos\/\">\u00c0udios i V\u00eddeos<\/a><\/h3>\n\t\t\t\t\t\t\t\t\t\t\t\t\t\t\t\t\t\t\t\t\t\t\t\t\t\t\t\t\t\t\t\n\t\t\t\t\t\t\t\t<\/div>\n\t\t\t\t\t\t\t<\/div>\t\t\t\t\t\t\t\t\n\t\t\t\t\t\t<\/div>\n\t\t\t\t\t<\/div>\n\t\t\t\t\t\t\n\t\t\t\t\t\t\t\t\t<\/div>\n\t\t\t<\/div>\t\t\t\t\t\n\n\t\t\t\t\t\t\t<\/div>\n\t\t\t\t<\/div>\n\t\t\t\t\t<\/div>\n\t\t<\/div>\n\t\t\t\t\t<\/div>\n\t\t<\/section>\n\t\t\t\t\t<\/div>\n\t\t<\/div>\n\t\t\t\t\t<\/div>\n\t\t<\/section>\n\t\t\t\t<\/div>\n\t\t","protected":false},"excerpt":{"rendered":"<p>Recursos Recursos psicol\u00f2gics per a tu Aqu\u00ed trobareu recursos psicol\u00f2gics oberts a totes les persones. L&#8217;acc\u00e9s a la ter\u00e0pia suposa de vegades una dif\u00edcil inversi\u00f3 econ\u00f2mica i la informaci\u00f3 que trobem en l\u00ednia juntament amb els mites que s&#8217;escampen en entorns digitals poden arribar a ser molt contraproduents per a les persones que busquen la [&hellip;]<\/p>\n","protected":false},"author":1,"featured_media":0,"parent":0,"menu_order":0,"comment_status":"closed","ping_status":"closed","template":"template-home.php","meta":{"footnotes":""},"class_list":["post-12798","page","type-page","status-publish","hentry"],"yoast_head":"<!-- This site is optimized with the Yoast SEO plugin v26.0 - https:\/\/yoast.com\/wordpress\/plugins\/seo\/ -->\n<title>Recursos psicologia<\/title>\n<meta name=\"robots\" content=\"index, follow, max-snippet:-1, max-image-preview:large, max-video-preview:-1\" \/>\n<link rel=\"canonical\" href=\"https:\/\/buenamente.es\/recursos\/\" \/>\n<meta property=\"og:locale\" content=\"ca_ES\" \/>\n<meta property=\"og:type\" content=\"article\" \/>\n<meta property=\"og:title\" content=\"Recursos psicologia\" \/>\n<meta property=\"og:description\" content=\"Recursos Recursos psicol\u00f2gics per a tu Aqu\u00ed trobareu recursos psicol\u00f2gics oberts a totes les persones. L&#8217;acc\u00e9s a la ter\u00e0pia suposa de vegades una dif\u00edcil inversi\u00f3 econ\u00f2mica i la informaci\u00f3 que trobem en l\u00ednia juntament amb els mites que s&#8217;escampen en entorns digitals poden arribar a ser molt contraproduents per a les persones que busquen la [&hellip;]\" \/>\n<meta property=\"og:url\" content=\"https:\/\/buenamente.es\/recursos\/\" \/>\n<meta property=\"og:site_name\" content=\"Buenamente\" \/>\n<meta property=\"article:modified_time\" content=\"2026-03-26T11:57:04+00:00\" \/>\n<meta property=\"og:image\" content=\"https:\/\/buenamente.es\/wp-content\/uploads\/2021\/09\/1669898175067.webp\" \/>\n<meta name=\"twitter:card\" content=\"summary_large_image\" \/>\n<meta name=\"twitter:label1\" content=\"Temps estimat de lectura\" \/>\n\t<meta name=\"twitter:data1\" content=\"2 minuts\" \/>\n<script type=\"application\/ld+json\" class=\"yoast-schema-graph\">{\"@context\":\"https:\/\/schema.org\",\"@graph\":[{\"@type\":\"WebPage\",\"@id\":\"https:\/\/buenamente.es\/recursos\/\",\"url\":\"https:\/\/buenamente.es\/recursos\/\",\"name\":\"Recursos psicologia\",\"isPartOf\":{\"@id\":\"https:\/\/buenamente.es\/#website\"},\"primaryImageOfPage\":{\"@id\":\"https:\/\/buenamente.es\/recursos\/#primaryimage\"},\"image\":{\"@id\":\"https:\/\/buenamente.es\/recursos\/#primaryimage\"},\"thumbnailUrl\":\"https:\/\/buenamente.es\/wp-content\/uploads\/2021\/09\/1669898175067.webp\",\"datePublished\":\"2020-06-10T16:18:57+00:00\",\"dateModified\":\"2026-03-26T11:57:04+00:00\",\"breadcrumb\":{\"@id\":\"https:\/\/buenamente.es\/recursos\/#breadcrumb\"},\"inLanguage\":\"ca\",\"potentialAction\":[{\"@type\":\"ReadAction\",\"target\":[\"https:\/\/buenamente.es\/recursos\/\"]}]},{\"@type\":\"ImageObject\",\"inLanguage\":\"ca\",\"@id\":\"https:\/\/buenamente.es\/recursos\/#primaryimage\",\"url\":\"https:\/\/buenamente.es\/wp-content\/uploads\/2021\/09\/1669898175067.webp\",\"contentUrl\":\"https:\/\/buenamente.es\/wp-content\/uploads\/2021\/09\/1669898175067.webp\"},{\"@type\":\"BreadcrumbList\",\"@id\":\"https:\/\/buenamente.es\/recursos\/#breadcrumb\",\"itemListElement\":[{\"@type\":\"ListItem\",\"position\":1,\"name\":\"Portada\",\"item\":\"https:\/\/buenamente.es\/\"},{\"@type\":\"ListItem\",\"position\":2,\"name\":\"Recursos psicologia\"}]},{\"@type\":\"WebSite\",\"@id\":\"https:\/\/buenamente.es\/#website\",\"url\":\"https:\/\/buenamente.es\/\",\"name\":\"Buenamente\",\"description\":\"\",\"potentialAction\":[{\"@type\":\"SearchAction\",\"target\":{\"@type\":\"EntryPoint\",\"urlTemplate\":\"https:\/\/buenamente.es\/?s={search_term_string}\"},\"query-input\":{\"@type\":\"PropertyValueSpecification\",\"valueRequired\":true,\"valueName\":\"search_term_string\"}}],\"inLanguage\":\"ca\"}]}<\/script>\n<!-- \/ Yoast SEO plugin. -->","yoast_head_json":{"title":"Recursos psicologia","robots":{"index":"index","follow":"follow","max-snippet":"max-snippet:-1","max-image-preview":"max-image-preview:large","max-video-preview":"max-video-preview:-1"},"canonical":"https:\/\/buenamente.es\/recursos\/","og_locale":"ca_ES","og_type":"article","og_title":"Recursos psicologia","og_description":"Recursos Recursos psicol\u00f2gics per a tu Aqu\u00ed trobareu recursos psicol\u00f2gics oberts a totes les persones. L&#8217;acc\u00e9s a la ter\u00e0pia suposa de vegades una dif\u00edcil inversi\u00f3 econ\u00f2mica i la informaci\u00f3 que trobem en l\u00ednia juntament amb els mites que s&#8217;escampen en entorns digitals poden arribar a ser molt contraproduents per a les persones que busquen la [&hellip;]","og_url":"https:\/\/buenamente.es\/recursos\/","og_site_name":"Buenamente","article_modified_time":"2026-03-26T11:57:04+00:00","og_image":[{"url":"https:\/\/buenamente.es\/wp-content\/uploads\/2021\/09\/1669898175067.webp","type":"","width":"","height":""}],"twitter_card":"summary_large_image","twitter_misc":{"Temps estimat de lectura":"2 minuts"},"schema":{"@context":"https:\/\/schema.org","@graph":[{"@type":"WebPage","@id":"https:\/\/buenamente.es\/recursos\/","url":"https:\/\/buenamente.es\/recursos\/","name":"Recursos psicologia","isPartOf":{"@id":"https:\/\/buenamente.es\/#website"},"primaryImageOfPage":{"@id":"https:\/\/buenamente.es\/recursos\/#primaryimage"},"image":{"@id":"https:\/\/buenamente.es\/recursos\/#primaryimage"},"thumbnailUrl":"https:\/\/buenamente.es\/wp-content\/uploads\/2021\/09\/1669898175067.webp","datePublished":"2020-06-10T16:18:57+00:00","dateModified":"2026-03-26T11:57:04+00:00","breadcrumb":{"@id":"https:\/\/buenamente.es\/recursos\/#breadcrumb"},"inLanguage":"ca","potentialAction":[{"@type":"ReadAction","target":["https:\/\/buenamente.es\/recursos\/"]}]},{"@type":"ImageObject","inLanguage":"ca","@id":"https:\/\/buenamente.es\/recursos\/#primaryimage","url":"https:\/\/buenamente.es\/wp-content\/uploads\/2021\/09\/1669898175067.webp","contentUrl":"https:\/\/buenamente.es\/wp-content\/uploads\/2021\/09\/1669898175067.webp"},{"@type":"BreadcrumbList","@id":"https:\/\/buenamente.es\/recursos\/#breadcrumb","itemListElement":[{"@type":"ListItem","position":1,"name":"Portada","item":"https:\/\/buenamente.es\/"},{"@type":"ListItem","position":2,"name":"Recursos psicologia"}]},{"@type":"WebSite","@id":"https:\/\/buenamente.es\/#website","url":"https:\/\/buenamente.es\/","name":"Buenamente","description":"","potentialAction":[{"@type":"SearchAction","target":{"@type":"EntryPoint","urlTemplate":"https:\/\/buenamente.es\/?s={search_term_string}"},"query-input":{"@type":"PropertyValueSpecification","valueRequired":true,"valueName":"search_term_string"}}],"inLanguage":"ca"}]}},"_links":{"self":[{"href":"https:\/\/buenamente.es\/ca\/wp-json\/wp\/v2\/pages\/12798","targetHints":{"allow":["GET"]}}],"collection":[{"href":"https:\/\/buenamente.es\/ca\/wp-json\/wp\/v2\/pages"}],"about":[{"href":"https:\/\/buenamente.es\/ca\/wp-json\/wp\/v2\/types\/page"}],"author":[{"embeddable":true,"href":"https:\/\/buenamente.es\/ca\/wp-json\/wp\/v2\/users\/1"}],"replies":[{"embeddable":true,"href":"https:\/\/buenamente.es\/ca\/wp-json\/wp\/v2\/comments?post=12798"}],"version-history":[{"count":10,"href":"https:\/\/buenamente.es\/ca\/wp-json\/wp\/v2\/pages\/12798\/revisions"}],"predecessor-version":[{"id":13050,"href":"https:\/\/buenamente.es\/ca\/wp-json\/wp\/v2\/pages\/12798\/revisions\/13050"}],"wp:attachment":[{"href":"https:\/\/buenamente.es\/ca\/wp-json\/wp\/v2\/media?parent=12798"}],"curies":[{"name":"wp","href":"https:\/\/api.w.org\/{rel}","templated":true}]}}