{"id":12847,"date":"2020-06-10T18:10:31","date_gmt":"2020-06-10T16:10:31","guid":{"rendered":"https:\/\/buenamente.es\/blog\/"},"modified":"2026-03-26T18:24:56","modified_gmt":"2026-03-26T17:24:56","slug":"blog","status":"publish","type":"page","link":"https:\/\/buenamente.es\/ca\/blog\/","title":{"rendered":"Blog"},"content":{"rendered":"\t\t<div data-elementor-type=\"wp-page\" data-elementor-id=\"12847\" class=\"elementor elementor-12847 elementor-422\">\n\t\t\t\t\t\t<section class=\"elementor-section elementor-top-section elementor-element elementor-element-c3c3e41 elementor-section-boxed elementor-section-height-default elementor-section-height-default\" data-id=\"c3c3e41\" data-element_type=\"section\">\n\t\t\t\t\t\t<div class=\"elementor-container elementor-column-gap-default\">\n\t\t\t\t\t<div class=\"elementor-column elementor-col-100 elementor-top-column elementor-element elementor-element-44f8eb1\" data-id=\"44f8eb1\" data-element_type=\"column\">\n\t\t\t<div class=\"elementor-widget-wrap elementor-element-populated\">\n\t\t\t\t\t\t<div class=\"elementor-element elementor-element-db21c7f poket-star-rating--align-center elementor-widget elementor-widget-witr_section_title\" data-id=\"db21c7f\" data-element_type=\"widget\" data-widget_type=\"witr_section_title.default\">\n\t\t\t\t<div class=\"elementor-widget-container\">\n\t\t\t\t\t\t\t\t\t\t<!-- title center -->\n\t\t\t\t\t<div class=\"witr_section_title\">\n\t\t\t\t\t\t<div class=\"witr_section_title_inner text-center\">\n\n\t\t\t\t\t\t\t<!-- icon position -->\n\t\t\t\t\t\t\t\t\n\t\t\t\t\t\t\t<!-- end icon position -->\n\t\t\t\t\t\t\t\n\t\t\t\t\t\t\n\t\t\t\t\t\t\t<!-- title top -->\n\t\t\t\t\t\t\t\t\t\t\t\t\t\t\t<h2>Not\u00edcias y blog<\/h2>\t\t\n\t\t\t\t\t\t\t\n\n\t\t\t\t\t\t\t<!-- icon position -->\n\t\t\t\t\t\t\t\t\n\t\t\t\t\t\t\t<!-- end icon position -->\n\n\n\t\t\t\t\t\t\t\n\t\t\t\t\t\t\t<!-- title middle -->\n\t\t\t\t\t\t\t\t\t\t\t\t\t\t\t<h3>M\u00e1s de 100 art\u00edculos escritos por profesionales\n<\/h3>\t\t\n\t\t\t\t\t\t\t\t\t\t\t\t\t\t<!-- title bottom -->\n\t\t\t\t\t\t\t\n\t\t\t\t\t\t\t\n\t\t\t\t\t\t\t\n\t\t\t\t\t\t\t\t\t\t\t\t\t\t\n\t\t\t\t\t\t\t<!-- image -->\n\t\t\t\t\t\t\t\t\t\t\t\t\t\t<!-- icon -->\n\t\t\t\t\t\t\t\t\t\t\t\t\t\t\n\t\t\t\t\t\t\t<!-- bar -->\n\t\t\t\t\t\t\t\t\t\t\t\t\t\t<!-- circle bar -->\n\t\t\t\t\t\t\t\t\t\t\t\t\t\t\n\t\t\t\t\t\t\t\t\n\t\t\t\t\t\t\t\n\n\t\t\t\t\t\t\t\n\t\t\t\t\t\t\t<!-- content -->\n\t\t\t\t\t\t\t\t\t\t\t\t\t\t\n\t\t\t\t\t\t<\/div>\n\t\t\t\t\t\t\t<!-- inner title -->\n\t\t\t\t\t\t\t\t\t\t\t\t\t\n\t\t\t\t\t<\/div>\n\n\t\t\t\t\t\t\t\t<\/div>\n\t\t\t\t<\/div>\n\t\t\t\t<section class=\"elementor-section elementor-inner-section elementor-element elementor-element-9a4bdc0 elementor-section-boxed elementor-section-height-default elementor-section-height-default\" data-id=\"9a4bdc0\" data-element_type=\"section\">\n\t\t\t\t\t\t<div class=\"elementor-container elementor-column-gap-default\">\n\t\t\t\t\t<div class=\"elementor-column elementor-col-100 elementor-inner-column elementor-element elementor-element-44ace20\" data-id=\"44ace20\" data-element_type=\"column\">\n\t\t\t<div class=\"elementor-widget-wrap elementor-element-populated\">\n\t\t\t\t\t\t<div class=\"elementor-element elementor-element-2699f3f elementor-widget elementor-widget-witr_blog_section\" data-id=\"2699f3f\" data-element_type=\"widget\" data-widget_type=\"witr_blog_section.default\">\n\t\t\t\t<div class=\"elementor-widget-container\">\n\t\t\t\t\t                <div class=\" bgimgload\">\t\r\n\t\t\t\t\t<div class=\"row blog-messonary\">\r\n                    \t\t\t\t\t<\/div>\r\n                <\/div>\t\t\t\t<\/div>\n\t\t\t\t<\/div>\n\t\t\t\t\t<\/div>\n\t\t<\/div>\n\t\t\t\t\t<\/div>\n\t\t<\/section>\n\t\t\t\t<div class=\"elementor-element elementor-element-c78cd95 poket-star-rating--align-center elementor-widget elementor-widget-witr_section_title\" data-id=\"c78cd95\" data-element_type=\"widget\" data-widget_type=\"witr_section_title.default\">\n\t\t\t\t<div class=\"elementor-widget-container\">\n\t\t\t\t\t\t\t\t\t\t<!-- title center -->\n\t\t\t\t\t<div class=\"witr_section_title\">\n\t\t\t\t\t\t<div class=\"witr_section_title_inner text-center\">\n\n\t\t\t\t\t\t\t<!-- icon position -->\n\t\t\t\t\t\t\t\t\n\t\t\t\t\t\t\t<!-- end icon position -->\n\t\t\t\t\t\t\t\n\t\t\t\t\t\t\n\t\t\t\t\t\t\t<!-- title top -->\n\t\t\t\t\t\t\t\t\t\t\t\t\t\t\t<h2>Todos los art\u00edculos sobre psicolog\u00eda<\/h2>\t\t\n\t\t\t\t\t\t\t\n\n\t\t\t\t\t\t\t<!-- icon position -->\n\t\t\t\t\t\t\t\t\n\t\t\t\t\t\t\t<!-- end icon position -->\n\n\n\t\t\t\t\t\t\t\n\t\t\t\t\t\t\t<!-- title middle -->\n\t\t\t\t\t\t\t\t\t\t\t\t\t\t\t<h3>Encuentra el tema que te interesa<\/h3>\t\t\n\t\t\t\t\t\t\t\t\t\t\t\t\t\t<!-- title bottom -->\n\t\t\t\t\t\t\t\n\t\t\t\t\t\t\t\n\t\t\t\t\t\t\t\n\t\t\t\t\t\t\t\t\t\t\t\t\t\t\n\t\t\t\t\t\t\t<!-- image -->\n\t\t\t\t\t\t\t\t\t\t\t\t\t\t<!-- icon -->\n\t\t\t\t\t\t\t\t\t\t\t\t\t\t\n\t\t\t\t\t\t\t<!-- bar -->\n\t\t\t\t\t\t\t\t\t\t\t\t\t\t<!-- circle bar -->\n\t\t\t\t\t\t\t\t\t\t\t\t\t\t\n\t\t\t\t\t\t\t\t\n\t\t\t\t\t\t\t\n\n\t\t\t\t\t\t\t\n\t\t\t\t\t\t\t<!-- content -->\n\t\t\t\t\t\t\t\t\t\t\t\t\t\t\n\t\t\t\t\t\t<\/div>\n\t\t\t\t\t\t\t<!-- inner title -->\n\t\t\t\t\t\t\t\t\t\t\t\t\t\n\t\t\t\t\t<\/div>\n\n\t\t\t\t\t\t\t\t<\/div>\n\t\t\t\t<\/div>\n\t\t\t\t<section class=\"elementor-section elementor-inner-section elementor-element elementor-element-cc18a33 elementor-section-full_width elementor-section-height-default elementor-section-height-default\" data-id=\"cc18a33\" data-element_type=\"section\">\n\t\t\t\t\t\t<div class=\"elementor-container elementor-column-gap-default\">\n\t\t\t\t\t<div class=\"elementor-column elementor-col-100 elementor-inner-column elementor-element elementor-element-ccc3cb1\" data-id=\"ccc3cb1\" data-element_type=\"column\">\n\t\t\t<div class=\"elementor-widget-wrap\">\n\t\t\t\t\t\t\t<\/div>\n\t\t<\/div>\n\t\t\t\t\t<\/div>\n\t\t<\/section>\n\t\t\t\t<div class=\"elementor-element elementor-element-40b597a elementor-widget__width-initial elementor-widget elementor-widget-witr_blog_section\" data-id=\"40b597a\" data-element_type=\"widget\" data-widget_type=\"witr_blog_section.default\">\n\t\t\t\t<div class=\"elementor-widget-container\">\n\t\t\t\t\t                <div class=\" bgimgload\">\t\r\n\t\t\t\t\t<div class=\"row blog-messonary\">\r\n                    \t\t\t\t\t<\/div>\r\n                <\/div>\t\t\t<!-- START PAGINATION -->\n\t\t\t<div class=\"row\">\n\t\t\t\t<div class=\"col-md-12\">\n\t\t\t\t\t<div class=\"paginations\">\n\t\t\t\t\t\t\n\t\t\t\t\t\t\t\t\t\t\t<\/div>\n\t\t\t\t<\/div>\n\t\t\t<\/div>\t\t\t\t\t\t\t\t\t\t\t\t\t\t\t\n\t\t\n\t\t\t\n\t\t\t\t<\/div>\n\t\t\t\t<\/div>\n\t\t\t\t<div class=\"elementor-element elementor-element-b603b22 elementor-widget elementor-widget-image\" data-id=\"b603b22\" data-element_type=\"widget\" data-widget_type=\"image.default\">\n\t\t\t\t<div class=\"elementor-widget-container\">\n\t\t\t\t\t\t\t\t\t\t\t\t\t\t\t<img fetchpriority=\"high\" decoding=\"async\" width=\"1024\" height=\"478\" src=\"https:\/\/buenamente.es\/wp-content\/uploads\/2025\/02\/20250225_144420-1024x478.jpg\" class=\"attachment-large size-large wp-image-12600\" alt=\"\" srcset=\"https:\/\/buenamente.es\/wp-content\/uploads\/2025\/02\/20250225_144420-1024x478.jpg 1024w, https:\/\/buenamente.es\/wp-content\/uploads\/2025\/02\/20250225_144420-300x140.jpg 300w, https:\/\/buenamente.es\/wp-content\/uploads\/2025\/02\/20250225_144420-768x359.jpg 768w, https:\/\/buenamente.es\/wp-content\/uploads\/2025\/02\/20250225_144420-1536x717.jpg 1536w, https:\/\/buenamente.es\/wp-content\/uploads\/2025\/02\/20250225_144420-2048x956.jpg 2048w\" sizes=\"(max-width: 1024px) 100vw, 1024px\" \/>\t\t\t\t\t\t\t\t\t\t\t\t\t\t\t<\/div>\n\t\t\t\t<\/div>\n\t\t\t\t\t<\/div>\n\t\t<\/div>\n\t\t\t\t\t<\/div>\n\t\t<\/section>\n\t\t\t\t<\/div>\n\t\t","protected":false},"excerpt":{"rendered":"<p>Not\u00edcias y blog M\u00e1s de 100 art\u00edculos escritos por profesionales Trastorno Disf\u00f3rico Premenstrual, un tema tab\u00fa Leer art\u00edculo El s\u00edndrome de \u201cBurn-out\u201d o \u201cEstar quemado en Leer art\u00edculo Creciendo entre las redes &#8211; la transformaci\u00f3n de Leer art\u00edculo Todos los art\u00edculos sobre psicolog\u00eda Encuentra el tema que te interesa Trastorno Disf\u00f3rico Premenstrual, un tema tab\u00fa [&hellip;]<\/p>\n","protected":false},"author":1,"featured_media":0,"parent":0,"menu_order":0,"comment_status":"closed","ping_status":"closed","template":"template-home.php","meta":{"footnotes":""},"class_list":["post-12847","page","type-page","status-publish","hentry"],"yoast_head":"<!-- This site is optimized with the Yoast SEO plugin v26.0 - https:\/\/yoast.com\/wordpress\/plugins\/seo\/ -->\n<title>Blog - Buenamente<\/title>\n<meta name=\"description\" content=\"M\u00e9s de 100 articles sobre psicologia escrits per professionals. Troba el tema que m\u00e9s t&#039;interessa al bloc de Buenamente.\" \/>\n<meta name=\"robots\" content=\"index, follow, max-snippet:-1, max-image-preview:large, max-video-preview:-1\" \/>\n<link rel=\"canonical\" href=\"https:\/\/buenamente.es\/blog\/\" \/>\n<meta property=\"og:locale\" content=\"ca_ES\" \/>\n<meta property=\"og:type\" content=\"article\" \/>\n<meta property=\"og:title\" content=\"Blog - Buenamente\" \/>\n<meta property=\"og:description\" content=\"M\u00e9s de 100 articles sobre psicologia escrits per professionals. Troba el tema que m\u00e9s t&#039;interessa al bloc de Buenamente.\" \/>\n<meta property=\"og:url\" content=\"https:\/\/buenamente.es\/blog\/\" \/>\n<meta property=\"og:site_name\" content=\"Buenamente\" \/>\n<meta property=\"article:modified_time\" content=\"2026-03-26T17:24:56+00:00\" \/>\n<meta property=\"og:image\" content=\"https:\/\/buenamente.es\/wp-content\/uploads\/2022\/06\/Trastorno-Disforico-Premenstrual-1-390x350.png\" \/>\n<meta name=\"twitter:card\" content=\"summary_large_image\" \/>\n<meta name=\"twitter:label1\" content=\"Temps estimat de lectura\" \/>\n\t<meta name=\"twitter:data1\" content=\"1 minut\" \/>\n<script type=\"application\/ld+json\" class=\"yoast-schema-graph\">{\"@context\":\"https:\/\/schema.org\",\"@graph\":[{\"@type\":\"WebPage\",\"@id\":\"https:\/\/buenamente.es\/blog\/\",\"url\":\"https:\/\/buenamente.es\/blog\/\",\"name\":\"Blog - Buenamente\",\"isPartOf\":{\"@id\":\"https:\/\/buenamente.es\/#website\"},\"primaryImageOfPage\":{\"@id\":\"https:\/\/buenamente.es\/blog\/#primaryimage\"},\"image\":{\"@id\":\"https:\/\/buenamente.es\/blog\/#primaryimage\"},\"thumbnailUrl\":\"https:\/\/buenamente.es\/wp-content\/uploads\/2022\/06\/Trastorno-Disforico-Premenstrual-1-390x350.png\",\"datePublished\":\"2020-06-10T16:10:31+00:00\",\"dateModified\":\"2026-03-26T17:24:56+00:00\",\"description\":\"M\u00e9s de 100 articles sobre psicologia escrits per professionals. Troba el tema que m\u00e9s t'interessa al bloc de Buenamente.\",\"breadcrumb\":{\"@id\":\"https:\/\/buenamente.es\/blog\/#breadcrumb\"},\"inLanguage\":\"ca\",\"potentialAction\":[{\"@type\":\"ReadAction\",\"target\":[\"https:\/\/buenamente.es\/blog\/\"]}]},{\"@type\":\"ImageObject\",\"inLanguage\":\"ca\",\"@id\":\"https:\/\/buenamente.es\/blog\/#primaryimage\",\"url\":\"https:\/\/buenamente.es\/wp-content\/uploads\/2022\/06\/Trastorno-Disforico-Premenstrual-1-390x350.png\",\"contentUrl\":\"https:\/\/buenamente.es\/wp-content\/uploads\/2022\/06\/Trastorno-Disforico-Premenstrual-1-390x350.png\"},{\"@type\":\"BreadcrumbList\",\"@id\":\"https:\/\/buenamente.es\/blog\/#breadcrumb\",\"itemListElement\":[{\"@type\":\"ListItem\",\"position\":1,\"name\":\"Portada\",\"item\":\"https:\/\/buenamente.es\/\"},{\"@type\":\"ListItem\",\"position\":2,\"name\":\"Blog\"}]},{\"@type\":\"WebSite\",\"@id\":\"https:\/\/buenamente.es\/#website\",\"url\":\"https:\/\/buenamente.es\/\",\"name\":\"Buenamente\",\"description\":\"\",\"potentialAction\":[{\"@type\":\"SearchAction\",\"target\":{\"@type\":\"EntryPoint\",\"urlTemplate\":\"https:\/\/buenamente.es\/?s={search_term_string}\"},\"query-input\":{\"@type\":\"PropertyValueSpecification\",\"valueRequired\":true,\"valueName\":\"search_term_string\"}}],\"inLanguage\":\"ca\"}]}<\/script>\n<!-- \/ Yoast SEO plugin. -->","yoast_head_json":{"title":"Blog - Buenamente","description":"M\u00e9s de 100 articles sobre psicologia escrits per professionals. Troba el tema que m\u00e9s t'interessa al bloc de Buenamente.","robots":{"index":"index","follow":"follow","max-snippet":"max-snippet:-1","max-image-preview":"max-image-preview:large","max-video-preview":"max-video-preview:-1"},"canonical":"https:\/\/buenamente.es\/blog\/","og_locale":"ca_ES","og_type":"article","og_title":"Blog - Buenamente","og_description":"M\u00e9s de 100 articles sobre psicologia escrits per professionals. Troba el tema que m\u00e9s t'interessa al bloc de Buenamente.","og_url":"https:\/\/buenamente.es\/blog\/","og_site_name":"Buenamente","article_modified_time":"2026-03-26T17:24:56+00:00","og_image":[{"url":"https:\/\/buenamente.es\/wp-content\/uploads\/2022\/06\/Trastorno-Disforico-Premenstrual-1-390x350.png","type":"","width":"","height":""}],"twitter_card":"summary_large_image","twitter_misc":{"Temps estimat de lectura":"1 minut"},"schema":{"@context":"https:\/\/schema.org","@graph":[{"@type":"WebPage","@id":"https:\/\/buenamente.es\/blog\/","url":"https:\/\/buenamente.es\/blog\/","name":"Blog - Buenamente","isPartOf":{"@id":"https:\/\/buenamente.es\/#website"},"primaryImageOfPage":{"@id":"https:\/\/buenamente.es\/blog\/#primaryimage"},"image":{"@id":"https:\/\/buenamente.es\/blog\/#primaryimage"},"thumbnailUrl":"https:\/\/buenamente.es\/wp-content\/uploads\/2022\/06\/Trastorno-Disforico-Premenstrual-1-390x350.png","datePublished":"2020-06-10T16:10:31+00:00","dateModified":"2026-03-26T17:24:56+00:00","description":"M\u00e9s de 100 articles sobre psicologia escrits per professionals. Troba el tema que m\u00e9s t'interessa al bloc de Buenamente.","breadcrumb":{"@id":"https:\/\/buenamente.es\/blog\/#breadcrumb"},"inLanguage":"ca","potentialAction":[{"@type":"ReadAction","target":["https:\/\/buenamente.es\/blog\/"]}]},{"@type":"ImageObject","inLanguage":"ca","@id":"https:\/\/buenamente.es\/blog\/#primaryimage","url":"https:\/\/buenamente.es\/wp-content\/uploads\/2022\/06\/Trastorno-Disforico-Premenstrual-1-390x350.png","contentUrl":"https:\/\/buenamente.es\/wp-content\/uploads\/2022\/06\/Trastorno-Disforico-Premenstrual-1-390x350.png"},{"@type":"BreadcrumbList","@id":"https:\/\/buenamente.es\/blog\/#breadcrumb","itemListElement":[{"@type":"ListItem","position":1,"name":"Portada","item":"https:\/\/buenamente.es\/"},{"@type":"ListItem","position":2,"name":"Blog"}]},{"@type":"WebSite","@id":"https:\/\/buenamente.es\/#website","url":"https:\/\/buenamente.es\/","name":"Buenamente","description":"","potentialAction":[{"@type":"SearchAction","target":{"@type":"EntryPoint","urlTemplate":"https:\/\/buenamente.es\/?s={search_term_string}"},"query-input":{"@type":"PropertyValueSpecification","valueRequired":true,"valueName":"search_term_string"}}],"inLanguage":"ca"}]}},"_links":{"self":[{"href":"https:\/\/buenamente.es\/ca\/wp-json\/wp\/v2\/pages\/12847","targetHints":{"allow":["GET"]}}],"collection":[{"href":"https:\/\/buenamente.es\/ca\/wp-json\/wp\/v2\/pages"}],"about":[{"href":"https:\/\/buenamente.es\/ca\/wp-json\/wp\/v2\/types\/page"}],"author":[{"embeddable":true,"href":"https:\/\/buenamente.es\/ca\/wp-json\/wp\/v2\/users\/1"}],"replies":[{"embeddable":true,"href":"https:\/\/buenamente.es\/ca\/wp-json\/wp\/v2\/comments?post=12847"}],"version-history":[{"count":3,"href":"https:\/\/buenamente.es\/ca\/wp-json\/wp\/v2\/pages\/12847\/revisions"}],"predecessor-version":[{"id":13092,"href":"https:\/\/buenamente.es\/ca\/wp-json\/wp\/v2\/pages\/12847\/revisions\/13092"}],"wp:attachment":[{"href":"https:\/\/buenamente.es\/ca\/wp-json\/wp\/v2\/media?parent=12847"}],"curies":[{"name":"wp","href":"https:\/\/api.w.org\/{rel}","templated":true}]}}